{"id":16223,"date":"2019-04-05T14:55:25","date_gmt":"2019-04-05T12:55:25","guid":{"rendered":"https:\/\/economistas-sevilla.com\/reset_password\/"},"modified":"2019-10-10T12:06:38","modified_gmt":"2019-10-10T10:06:38","slug":"reset_password","status":"publish","type":"page","link":"https:\/\/economistas-sevilla.com\/en\/reset_password\/","title":{"rendered":"Reset Password"},"content":{"rendered":"<div class=\"wpb-content-wrapper\"><p><span data-mce-type=\"bookmark\" style=\"display: inline-block; width: 0px; overflow: hidden; line-height: 0;\" class=\"mce_SELRES_start\"><\/span><div class=\"vc_row wpb_row vc_row-fluid dt-default\" style=\"margin-top: 0px;margin-bottom: 0px\"><div class=\"wpb_column vc_column_container vc_col-sm-12\"><div class=\"vc_column-inner\"><div class=\"wpb_wrapper\">\n\t<div class=\"wpb_text_column wpb_content_element\" >\n\t\t<div class=\"wpb_wrapper\">\n\t\t\t\r\n<div id=\"password-lost-form-wrap\">\r\n\r\n\t\r\n\t\r\n\t<form id=\"lostpasswordform\" method=\"post\" class=\"account-page-form\" action=\"\">\r\n\t\t<fieldset>\r\n\t\t\t<legend>Resetea tu contrase\u00f1a<\/legend>\r\n\r\n\t\t\t<div class=\"somfrp-lost-pass-form-text\">\r\n\t\t\t\t<p>Por favor ingrese su direcci\u00f3n de correo electr\u00f3nico o nombre de usuario. Recibir\u00e1 un enlace para crear una nueva contrase\u00f1a por correo electr\u00f3nico.<\/p>\n\t\t\t<\/div>\r\n\r\n\t\t\t<p class=\"no-margin\">\r\n\t\t\t\t<label for=\"somfrp_user_info\">Email Address or Username<\/label>\r\n\t\t\t\t<input type=\"text\" name=\"somfrp_user_info\" id=\"somfrp_user_info\" required autocomplete=\"username\">\r\n\t\t\t<\/p>\r\n\t\t\t\r\n\r\n\t\t\t<div class=\"lostpassword-submit\">\r\n\t\t\t\t<input type=\"hidden\" id=\"somfrp_nonce\" name=\"somfrp_nonce\" value=\"a462e28bea\" \/><input type=\"hidden\" name=\"_wp_http_referer\" value=\"\/en\/wp-json\/wp\/v2\/pages\/16223\" \/>\t\t\t\t<input type=\"hidden\" name=\"submitted\" id=\"submitted\" value=\"true\">\r\n\t\t\t\t<input type=\"hidden\" name=\"somfrp_action\" id=\"somfrp_post_action\" value=\"somfrp_lost_pass\">\r\n\t\t\t\t<button type=\"submit\" id=\"reset-pass-submit\" name=\"reset-pass-submit\" class=\"button big-btn\">Resetea contrase\u00f1a<\/button>\r\n\t\t\t<\/div>\r\n\r\n\t\t<\/fieldset>\r\n\t<input type=\"hidden\" name=\"trp-form-language\" value=\"en\"\/><\/form>\r\n\r\n<\/div>\n\n\t\t<\/div>\n\t<\/div>\n<div class=\"vc_empty_space\"   style=\"height: 32px\"><span class=\"vc_empty_space_inner\"><\/span><\/div>\n\t<div class=\"wpb_text_column wpb_content_element\" >\n\t\t<div class=\"wpb_wrapper\">\n\t\t\t<p><strong>Aviso:<\/strong> Debes de estar deslogueado para poder cambiar tu contrase\u00f1a. Deslogueate y pincha en la barra superior en Acceso Usuarios, ah\u00ed encontraras el bot\u00f3n para poder resetear la contrase\u00f1a. Introduce una contrase\u00f1a compleja y f\u00e1cil de recordar. Gracias.<\/p>\n\n\t\t<\/div>\n\t<\/div>\n<\/div><\/div><\/div><\/div><span data-mce-type=\"bookmark\" style=\"display: inline-block; width: 0px; overflow: hidden; line-height: 0;\" class=\"mce_SELRES_end\"><\/span><\/p>\n<\/div>","protected":false},"excerpt":{"rendered":"<p><\/p>","protected":false},"author":5251,"featured_media":0,"parent":0,"menu_order":0,"comment_status":"closed","ping_status":"closed","template":"","meta":{"inline_featured_image":false,"footnotes":""},"categories":[],"tags":[],"calendar":[],"organizer":[],"venue":[],"acf":[],"aioseo_notices":[],"_links":{"self":[{"href":"https:\/\/economistas-sevilla.com\/en\/wp-json\/wp\/v2\/pages\/16223"}],"collection":[{"href":"https:\/\/economistas-sevilla.com\/en\/wp-json\/wp\/v2\/pages"}],"about":[{"href":"https:\/\/economistas-sevilla.com\/en\/wp-json\/wp\/v2\/types\/page"}],"author":[{"embeddable":true,"href":"https:\/\/economistas-sevilla.com\/en\/wp-json\/wp\/v2\/users\/5251"}],"replies":[{"embeddable":true,"href":"https:\/\/economistas-sevilla.com\/en\/wp-json\/wp\/v2\/comments?post=16223"}],"version-history":[{"count":7,"href":"https:\/\/economistas-sevilla.com\/en\/wp-json\/wp\/v2\/pages\/16223\/revisions"}],"predecessor-version":[{"id":18069,"href":"https:\/\/economistas-sevilla.com\/en\/wp-json\/wp\/v2\/pages\/16223\/revisions\/18069"}],"wp:attachment":[{"href":"https:\/\/economistas-sevilla.com\/en\/wp-json\/wp\/v2\/media?parent=16223"}],"wp:term":[{"taxonomy":"category","embeddable":true,"href":"https:\/\/economistas-sevilla.com\/en\/wp-json\/wp\/v2\/categories?post=16223"},{"taxonomy":"post_tag","embeddable":true,"href":"https:\/\/economistas-sevilla.com\/en\/wp-json\/wp\/v2\/tags?post=16223"},{"taxonomy":"calendar","embeddable":true,"href":"https:\/\/economistas-sevilla.com\/en\/wp-json\/wp\/v2\/calendar?post=16223"},{"taxonomy":"organizer","embeddable":true,"href":"https:\/\/economistas-sevilla.com\/en\/wp-json\/wp\/v2\/organizer?post=16223"},{"taxonomy":"venue","embeddable":true,"href":"https:\/\/economistas-sevilla.com\/en\/wp-json\/wp\/v2\/venue?post=16223"}],"curies":[{"name":"wp","href":"https:\/\/api.w.org\/{rel}","templated":true}]}}