{"id":16604,"date":"2019-04-16T09:49:19","date_gmt":"2019-04-16T07:49:19","guid":{"rendered":"https:\/\/economistas-sevilla.com\/?page_id=16604"},"modified":"2026-03-30T11:23:08","modified_gmt":"2026-03-30T09:23:08","slug":"politica-de-privacidad","status":"publish","type":"page","link":"https:\/\/economistas-sevilla.com\/en\/politica-de-privacidad\/","title":{"rendered":"Pol\u00edtica de Privacidad"},"content":{"rendered":"<div class=\"wpb-content-wrapper\"><div class=\"vc_row wpb_row vc_row-fluid dt-default\" style=\"margin-top: 0px;margin-bottom: 0px\"><div class=\"wpb_column vc_column_container vc_col-sm-12\"><div class=\"vc_column-inner\"><div class=\"wpb_wrapper\">\n\t<div class=\"wpb_text_column wpb_content_element\" >\n\t\t<div class=\"wpb_wrapper\">\n\t\t\t<p><span style=\"font-weight: 400;\">El objetivo de esta pol\u00edtica es informar a los interesados acerca de los distintos tratamientos realizados por esta organizaci\u00f3n mediante la p\u00e1gina web y que afecten a sus datos personales, de conformidad con lo establecido en el Reglamento (UE) 2016\/679 del Parlamento Europeo y del Consejo de 27 de abril de 2016 y en la Ley Org\u00e1nica 3\/2018, de 5 de diciembre, de Protecci\u00f3n de Datos Personales y garant\u00eda de los derechos digitales.<\/span><\/p>\n<p><span style=\"color: #d74a21;\"><strong>1. IDENTIFICACI\u00d3N Y DATOS DE CONTACTO DEL RESPONSABLE.<\/strong><\/span><\/p>\n<p>El<strong>\u00a0COLEGIO PROFESIONAL DE ECONOMISTAS DE SEVILLA<\/strong>, domiciliada en Calle Jos\u00e9 Saramago, n\u00ba 1, Edificio Giralda 8, (41013) SEVILLA, con NIF Q4100885E, tel\u00e9fono de contacto 954905810 y correo electr\u00f3nico\u00a0 <a href=\"mailto:administracionces@economistas.org\">administracionces@economistas.org<\/a> .<\/p>\n<p><strong><u>DELEGADO DE PROTECCI\u00d3N DE DATOS<\/u><\/strong><\/p>\n<p>SEGURIDAD Y PRIVACIDAD DE DATOS S.L., con domicilio en calle Menorca 19, Edificio Aqua Multiespacio 17\u00ba (46023) Valencia, tel\u00e9fono de contacto 963 122 868 y correo electr\u00f3nico <a href=\"mailto:infodpo@forlopd.es\">infodpo@forlopd.es<\/a>.<\/p>\n<p><span style=\"color: #d74a21;\"><strong>2. FINALIDADES DEL TRATAMIENTO DE SUS DATOS PERSONALES\u00a0<\/strong><\/span><\/p>\n<p><b>USUARIOS\/NAVEGANTES DE LA P\u00c1GINA WEB DEL RESPONSABLE<\/b><\/p>\n<p><span style=\"font-weight: 400;\">Trataremos los datos de car\u00e1cter personal facilitados para:<\/span><\/p>\n<ul>\n<li style=\"font-weight: 400;\" aria-level=\"1\">Atender a las solicitudes, quejas e incidencias trasladadas a trav\u00e9s de nuestros canales de contacto incorporados en la p\u00e1gina web.<\/li>\n<li style=\"font-weight: 400;\" aria-level=\"1\">Entender el comportamiento del navegante dentro de la web con el fin de detectar posibles ataques inform\u00e1ticos a nuestra web.<\/li>\n<li style=\"font-weight: 400;\" aria-level=\"1\">Cumplir con las obligaciones legales que nos resulten directamente aplicables y regulen nuestra actividad.<\/li>\n<li style=\"font-weight: 400;\" aria-level=\"1\">Proteger y ejercer nuestros derechos o responder ante reclamaciones de cualquier \u00edndole.<\/li>\n<li style=\"font-weight: 400;\" aria-level=\"1\">En su caso, env\u00edo de comunicaciones comerciales relativas a los bienes o servicios que conforman nuestra actividad y\/o noticias o boletines relacionados con nuestro sector. Su negativa a facilitarnos la autorizaci\u00f3n implicar\u00e1 la imposibilidad de enviarle informaci\u00f3n por parte de la entidad.<\/li>\n<li style=\"font-weight: 400;\" aria-level=\"1\">En su caso, gestionar su participaci\u00f3n en concursos y promociones que realice la entidad. Su negativa a facilitarnos la autorizaci\u00f3n implicar\u00e1 la imposibilidad de participar.<\/li>\n<li style=\"font-weight: 400;\" aria-level=\"1\">En su caso, enviar encuestas de satisfacci\u00f3n y\/o calidad. Su negativa a facilitarnos la autorizaci\u00f3n implicar\u00e1 la imposibilidad de evaluar el servicio prestado.<\/li>\n<li style=\"font-weight: 400;\" aria-level=\"1\">Gestionar su registro en la plataforma web de la entidad y generar un usuario y contrase\u00f1a. Su negativa a facilitarnos la autorizaci\u00f3n implicar\u00e1 la imposibilidad de efectuar su registro en la plataforma.\n<p><span style=\"font-weight: 400;\"><br \/>\n<\/span><\/li>\n<\/ul>\n<p><b>INFORMANTES\/PERSONAS AFECTADAS (CANAL DE DENUNCIAS)<\/b><\/p>\n<p><span style=\"font-weight: 400;\">En suma, a las finalidades se\u00f1aladas en el apartado \u00abusuarios\/navegantes de la p\u00e1gina <\/span> <span style=\"font-weight: 400;\">web\u00bb, trataremos sus datos de car\u00e1cter personal facilitados para:<\/span><\/p>\n<ul>\n<li style=\"font-weight: 400;\" aria-level=\"1\"><span style=\"font-weight: 400;\">Prevenci\u00f3n, detecci\u00f3n, investigaci\u00f3n y enjuiciamiento de infracciones y de ejecuci\u00f3n de sanciones.<\/span><\/li>\n<li style=\"font-weight: 400;\" aria-level=\"1\"><span style=\"font-weight: 400;\">Cumplir con las obligaciones legales que nos resulten directamente aplicables.<\/span><\/li>\n<li style=\"font-weight: 400;\" aria-level=\"1\"><span style=\"font-weight: 400;\">Poner en conocimiento de las autoridades competentes la comisi\u00f3n de actos o conductas que pudieran resultar contrarios a la normativa.<\/span><\/li>\n<li style=\"font-weight: 400;\" aria-level=\"1\"><span style=\"font-weight: 400;\">Tramitaci\u00f3n de las comunicaciones de los informantes.<\/span><\/li>\n<\/ul>\n<p><b>COLEGIADOS<\/b><strong> Y PRECOLEGIADOS<\/strong><\/p>\n<p>Adem\u00e1s de las finalidades se\u00f1aladas en el apartado \u00abusuarios\/navegantes de la p\u00e1gina web\u00bb, trataremos sus datos de car\u00e1cter personal facilitados para:<\/p>\n<ul>\n<li>Tramitaci\u00f3n y gesti\u00f3n de cursos formativos.<\/li>\n<li>En su caso, gestionar asistencia a eventos y otras acciones formativas. Su negativa a facilitarnos la autorizaci\u00f3n implicar\u00e1 la imposibilidad de gestionar su asistencia.<\/li>\n<li>Gesti\u00f3n de cuotas colegiales, primas de seguro y mutualidad.<\/li>\n<li>En su caso, gesti\u00f3n de bolsa de empleo y recepci\u00f3n de ofertas de empleo. Su negativa a facilitarnos la autorizaci\u00f3n implicar\u00e1 la imposibilidad de participar en dicha selecci\u00f3n.<\/li>\n<li>En su caso, gestionar la oferta de productos o servicios propios o de terceros, relacionados con el sector profesional, que pudieran ser de inter\u00e9s para el colegiado. Su negativa a facilitarnos la autorizaci\u00f3n implicar\u00e1 la imposibilidad de enviarle la referida informaci\u00f3n.<\/li>\n<li>Gestionar las altas y bajas de las herramientas almacenadas en la nube.<\/li>\n<li>Gesti\u00f3n de listas de colegiados.<\/li>\n<li>Gesti\u00f3n de tr\u00e1mites personales.<\/li>\n<\/ul>\n<p><b>USUARIOS DE FORMACI\u00d3N<\/b><\/p>\n<p>Adem\u00e1s de las finalidades se\u00f1aladas en el apartado \u00abusuarios\/navegantes de la p\u00e1gina web\u00bb, trataremos sus datos de car\u00e1cter personal facilitados para:<\/p>\n<ul>\n<li style=\"font-weight: 400;\" aria-level=\"1\">Gesti\u00f3n de tr\u00e1mites personales.<\/li>\n<li style=\"font-weight: 400;\" aria-level=\"1\">Gesti\u00f3n y emisi\u00f3n de certificaciones y acreditaciones.<\/li>\n<li style=\"font-weight: 400;\" aria-level=\"1\">Gestionar las solicitudes de t\u00edtulos y diplomas acad\u00e9micos.<\/li>\n<li style=\"font-weight: 400;\" aria-level=\"1\">Prevenci\u00f3n del fraude acad\u00e9mico.<\/li>\n<li style=\"font-weight: 400;\" aria-level=\"1\">Gestionar las altas y bajas de las herramientas almacenadas en la nube necesarias para estudiar, realizar entregas y realizar las pruebas y ex\u00e1menes acad\u00e9micos.<\/li>\n<li style=\"font-weight: 400;\" aria-level=\"1\">Realizar la comprobaci\u00f3n de su identificaci\u00f3n para llevar a cabo pruebas virtuales.<\/li>\n<\/ul>\n<p><strong><span style=\"color: #d74a21;\">3. BASE JUR\u00cdDICA DEL TRATAMIENTO.<\/span> <\/strong><\/p>\n<p><b>USUARIOS\/NAVEGANTES DE LA P\u00c1GINA WEB DEL RESPONSABLE<\/b><\/p>\n<ul>\n<li style=\"font-weight: 400;\" aria-level=\"1\">En el consentimiento que nos has prestado para tratar tus datos con las finalidades indicadas. La negativa a facilitar sus datos personales conllevara la imposibilidad de tratar sus datos con las finalidades mencionadas.<\/li>\n<li style=\"font-weight: 400;\" aria-level=\"1\">Para cumplir con las obligaciones legales que se nos aplican. En este caso, el interesado no podr\u00e1 negarse al tratamiento de los datos personales.<\/li>\n<li style=\"font-weight: 400;\" aria-level=\"1\">En nuestro inter\u00e9s leg\u00edtimo de proteger nuestra imagen, negocio y trayectoria evitando ataques a nuestra p\u00e1gina web. En este caso, el interesado no podr\u00e1 negarse al tratamiento de los datos personales, aunque podr\u00e1 ejercer, en su caso, los derechos reconocidos en el apartado \u00abderechos\u00bb de la presente pol\u00edtica.<\/li>\n<\/ul>\n<p><b>INFORMANTES\/PERSONAS AFECTADAS (CANAL DE DENUNCIAS)<\/b><b>\u00a0<\/b><\/p>\n<ul>\n<li>Tratamiento necesario para el cumplimiento de una obligaci\u00f3n legal aplicable al responsable del tratamiento.<\/li>\n<li>El tratamiento es necesario por razones de un inter\u00e9s p\u00fablico esencial, sobre la base del Derecho de la Uni\u00f3n o de los Estados miembros, que debe ser proporcional al objetivo perseguido, respetar en lo esencial el derecho a la protecci\u00f3n de datos y establecer medidas adecuadas y espec\u00edficas para proteger los intereses y derechos fundamentales del interesado.<\/li>\n<\/ul>\n<p><b>COLEGIADOS<\/b><strong> Y PRECOLEGIADOS<\/strong><\/p>\n<ul>\n<li style=\"font-weight: 400;\" aria-level=\"1\">En el consentimiento que nos has prestado para tratar tus datos con las finalidades indicadas. La negativa a facilitar sus datos personales conllevara la imposibilidad de tratar sus datos con las finalidades mencionadas.<\/li>\n<li style=\"font-weight: 400;\" aria-level=\"1\">Ejecuci\u00f3n de un contrato en el que sea parte o aplicaci\u00f3n de medias precontractuales. La negativa a facilitar sus datos personales conllevara la imposibilidad de tratar sus datos con las finalidades mencionadas.<\/li>\n<li style=\"font-weight: 400;\" aria-level=\"1\">Para cumplir con las obligaciones legales que se nos aplican. En este caso, el interesado no podr\u00e1 negarse al tratamiento de los datos personales.<\/li>\n<li style=\"font-weight: 400;\" aria-level=\"1\">En nuestro inter\u00e9s leg\u00edtimo de proteger nuestra imagen, negocio y trayectoria evitando ataques a nuestra p\u00e1gina web. En este caso, el interesado no podr\u00e1 negarse al tratamiento de los datos personales, aunque podr\u00e1 ejercer, en su caso, los derechos reconocidos en el apartado \u00abderechos\u00bb de la presente pol\u00edtica.<\/li>\n<\/ul>\n<p><b>USUARIOS DE FORMACI\u00d3N<\/b><\/p>\n<ul>\n<li style=\"font-weight: 400;\" aria-level=\"1\">En el consentimiento que nos has prestado para tratar tus datos con las finalidades indicadas. La negativa a facilitar sus datos personales conllevara la imposibilidad de tratar sus datos con las finalidades mencionadas.<\/li>\n<li style=\"font-weight: 400;\" aria-level=\"1\">Ejecuci\u00f3n de un contrato en el que sea parte o aplicaci\u00f3n de medias precontractuales. La negativa a facilitar sus datos personales conllevara la imposibilidad de tratar sus datos con las finalidades mencionadas.<\/li>\n<li style=\"font-weight: 400;\" aria-level=\"1\">Para cumplir con las obligaciones legales que se nos aplican. En este caso, el interesado no podr\u00e1 negarse al tratamiento de los datos personales.<\/li>\n<li style=\"font-weight: 400;\" aria-level=\"1\">En nuestro inter\u00e9s leg\u00edtimo de proteger nuestra imagen, negocio y trayectoria evitando ataques a nuestra p\u00e1gina web. En este caso, el interesado no podr\u00e1 negarse al tratamiento de los datos personales, aunque podr\u00e1 ejercer, en su caso, los derechos reconocidos en el apartado \u00abderechos\u00bb de la presente pol\u00edtica.<\/li>\n<\/ul>\n<p><b><span style=\"color: #d74a21;\"><strong>4. COMPLEMENTOS Y HERRAMIENTAS DEL SITIO WEB.<\/strong><\/span><\/b><\/p>\n<ul>\n<li><b>Google reCAPTCHA<\/b><\/li>\n<\/ul>\n<p><span style=\"font-weight: 400;\">Utilizamos el servicio Google reCAPTCHA para detectar, en base al inter\u00e9s leg\u00edtimo, si el sitio web est\u00e1 siendo utilizado por bots, con la finalidad de proteger el portal y prevenir pr\u00e1cticas abusivas y fraudulentas, como el env\u00edo de spam.\u00a0<\/span><span style=\"font-weight: 400;\">Puede acceder a la pol\u00edtica de privacidad de nuestro proveedor <a href=\"https:\/\/policies.google.com\/privacy?hl=es&#093;\">haciendo clic <\/a><\/span><span style=\"font-weight: 400;\">aqu\u00ed.<\/span><\/p>\n<ul>\n<li><b>Google maps<\/b><\/li>\n<\/ul>\n<p>Utilizamos Google Maps (API) con la finalidad demostrarle mapas interactivos directamente en nuestro sitio web y permitirle utilizar sus funciones. Por ello, le recomendamos que, de forma previa, lea detenidamente la pol\u00edtica de privacidad de nuestro proveedor <a href=\"https:\/\/policies.google.com\/privacy?hl=es\">haciendo clic <\/a><span style=\"font-weight: 400;\">aqu\u00ed<\/span><span style=\"font-weight: 400;\">.<\/span><\/p>\n<p><span style=\"color: #d74a21;\"><strong>5. PLAZOS O CRITERIOS DE CONSERVACI\u00d3N DE LOS DATOS.<\/strong><\/span><\/p>\n<p>Los datos personales proporcionados se conservar\u00e1n durante el tiempo necesario para cumplir con las finalidades para los que fueron recopilados inicialmente.<\/p>\n<p>Una vez que los datos dejen de ser necesarios para el tratamiento en cuesti\u00f3n, estos se mantendr\u00e1n debidamente bloqueados para, en su caso, ponerlos a disposici\u00f3n de las Administraciones y Organismos P\u00fablicas competentes, Jueces y Tribunales o el Ministerio Fiscal, durante el plazo de prescripci\u00f3n de las acciones que pudieran derivarse de la relaci\u00f3n mantenida con el cliente y\/o los plazos de conservaci\u00f3n previstos legalmente.<\/p>\n<p>En el caso de que nos haya facilitado su curr\u00edculum, conservaremos sus datos durante un periodo m\u00e1ximo de dos a\u00f1os desde la recepci\u00f3n del mismo, momento en el que procederemos a su supresi\u00f3n, salvo que haya procedido a actualizar sus datos o nos haya autorizado a mantenerlos por un periodo de conservaci\u00f3n mayor al indicado. A los efectos oportunos, le informamos que puede revocar su consentimiento en cualquier momento.<\/p>\n<p><strong><span style=\"color: #d74a21;\">6. DECISIONES AUTOMATIZADAS Y ELABORACI\u00d3N DE PERFILES.<\/span> <\/strong><\/p>\n<p><span style=\"font-weight: 400;\">La p\u00e1gina web no toma decisiones automatizadas ni elabora perfiles.<\/span><\/p>\n<p><span style=\"color: #d74a21;\"><strong>\u00a07. <\/strong><strong>DESTINATARIOS.<\/strong><\/span><\/p>\n<p><span style=\"font-weight: 400;\">Durante el periodo de duraci\u00f3n del tratamiento de sus datos personales, la organizaci\u00f3n podr\u00e1 ceder sus datos a los siguientes destinatarios:<\/span><\/p>\n<ul>\n<li style=\"font-weight: 400;\" aria-level=\"1\"><span style=\"font-weight: 400;\">Jueces y Tribunales.<\/span><\/li>\n<li style=\"font-weight: 400;\" aria-level=\"1\"><span style=\"font-weight: 400;\">Fuerzas y Cuerpos de Seguridad del Estado.<\/span><\/li>\n<li style=\"font-weight: 400;\" aria-level=\"1\"><span style=\"font-weight: 400;\">Otras autoridades u organismos p\u00fablicos competentes, cuando el responsable tenga la obligaci\u00f3n legal de facilitar los datos personales.\u00a0<\/span><\/li>\n<li style=\"font-weight: 400;\" aria-level=\"1\"><span style=\"font-weight: 400;\"><span style=\"font-weight: 400;\">En su caso, a aquellos Encargados de Tratamiento que nos brinden servicios.<\/span><\/span><\/li>\n<li style=\"font-weight: 400;\" aria-level=\"1\">Sus datos podr\u00e1n ser comunicados a entidades empleadoras<\/li>\n<\/ul>\n<p><strong><span style=\"color: #d74a21;\">8. TRANSFERENCIAS INTERNACIONALES DE DATOS.<\/span> <\/strong><\/p>\n<p>La organizaci\u00f3n no realiza Transferencia Internacional de Datos alguna. En caso de que posteriormente fuera necesario realizar transferencias internacionales de datos, se verificar\u00e1 el grado de protecci\u00f3n del pa\u00eds de destino y se adoptar\u00e1n las garant\u00edas exigidas por la normativa.<\/p>\n<p><strong><span style=\"color: #d74a21;\">9. REDES SOCIALES.<\/span><\/strong><\/p>\n<p>Con la finalidad de hacerle part\u00edcipe de nuestra actividad, y de que pueda estar al tanto de nuestras novedades, le informamos de que COLEGIO PROFESIONAL DE ECONOMISTAS DE SEVILLA tiene creado un perfil en las Redes Sociales.<\/p>\n<p>Todos los usuarios tienen la oportunidad de unirse a nuestras redes sociales o grupos. Sin embargo, debe tener en cuenta que, salvo que le solicitemos sus datos directamente (por ejemplo, mediante acciones de marketing, concursos, promociones, o cualquier otra forma v\u00e1lida), sus datos pertenecer\u00e1n a la Red Social correspondiente, por lo que le recomendamos que lea detenidamente sus condiciones de uso y pol\u00edticas de privacidad, as\u00ed como, se asegure de configurar sus preferencias en cuanto al tratamiento de los datos.<\/p>\n<p>A continuaci\u00f3n, detallamos el enlace a la pol\u00edtica de privacidad a las distintas Redes Sociales en las que tenemos presencia, para que pueda acceder en todo momento a las pol\u00edticas de privacidad y configurar su perfil para garantizar su privacidad:<\/p>\n<p><b>Facebook: <\/b><span style=\"font-weight: 400;\">https:\/\/es-es.facebook.com\/privacy\/policy\/?entry_point=facebook_page_footer<\/span><span style=\"font-weight: 400;\">\u00a0<\/span><\/p>\n<p><b>Twitter:<\/b> <span style=\"font-weight: 400;\">https:\/\/twitter.com\/es\/privacy<\/span><\/p>\n<p><b>LinkedIn: <\/b><a href=\"https:\/\/www.linkedin.com\/legal\/privacy-policy?_l=es_ES\"><span style=\"font-weight: 400;\">https:\/\/es.linkedin.com\/legal\/privacy-policy<\/span><\/a><\/p>\n<p><b>Instagram:<\/b> <a href=\"https:\/\/privacycenter.instagram.com\/\"><span style=\"font-weight: 400;\">https:\/\/privacycenter.instagram.com\/<\/span><\/a><\/p>\n<p><span style=\"color: #d74a21;\"><strong>10. DERECHOS.<\/strong><\/span><\/p>\n<p>Los interesados podr\u00e1n solicitar m\u00e1s informaci\u00f3n acerca del tratamiento de sus datos personales as\u00ed como ejercer en cualquier momento y, de forma gratuita, los derechos de acceso, rectificaci\u00f3n y supresi\u00f3n, as\u00ed como solicitar que se limite el tratamiento de sus datos personales, oponerse al mismo, solicitar la portabilidad de estos (siempre que sea t\u00e9cnicamente posible) o retirar el consentimiento prestado y, en su caso, a no ser objeto de una decisi\u00f3n basada \u00fanicamente en un tratamiento automatizado, incluido la elaboraci\u00f3n de perfiles.<\/p>\n<p>Para ello podr\u00e1 emplear los formularios habilitados por la organizaci\u00f3n, o bien dirigir un escrito a la direcci\u00f3n postal o correo electr\u00f3nico referenciados en el encabezamiento. A los efectos oportunos, le informamos que se le podr\u00e1 solicitar su DNI o cualquier otro documento an\u00e1logo, con la finalidad de acreditar su identidad, siempre que ello no pueda realizarse por otros medios menos intrusivos.<\/p>\n<p>En caso de que sienta vulnerados sus derechos en lo concerniente a la protecci\u00f3n de sus datos personales, especialmente cuando no haya obtenido satisfacci\u00f3n en el ejercicio de sus derechos, puede presentar una reclamaci\u00f3n ante la Autoridad de Control en materia de Protecci\u00f3n de Datos competente (Agencia Espa\u00f1ola de Protecci\u00f3n de Datos), a trav\u00e9s de su sitio web www.aepd.es<\/p>\n<p>En cumplimiento de lo dispuesto en el art\u00edculo 21 de la Ley 34\/2002 de servicios de la sociedad de la informaci\u00f3n y comercio electr\u00f3nico, si usted no desea recibir m\u00e1s informaci\u00f3n sobre nuestros servicios, puede darse de baja enviando un correo electr\u00f3nico a la direcci\u00f3n administracionces@economistas.org, con asunto \u201cBAJAS\u201d.<\/p>\n<p><span style=\"color: #d74a21;\"><strong>11. VERACIDAD DE LOS DATOS.<\/strong><\/span><\/p>\n<p>El interesado garantiza que los datos aportados son verdaderos, exactos, completos y se encuentran actualizados; comprometi\u00e9ndose a informar de cualquier cambio respecto de los datos que aportara, por los canales habilitados al efecto e indicados en el punto uno de la presente pol\u00edtica. Ser\u00e1 responsable de cualquier da\u00f1o o perjuicio, tanto directo como indirecto, que pudiera ocasionar como consecuencia del incumplimiento de la presente obligaci\u00f3n.<\/p>\n<p>En el supuesto de que el usuario facilite datos de terceros, declara que cuenta con el consentimiento de los interesados y se compromete a trasladarle la informaci\u00f3n contenida en esta cl\u00e1usula, eximiendo a la organizaci\u00f3n de cualquier responsabilidad derivada por la falta de cumplimiento de la presente obligaci\u00f3n.<\/p>\n<p><span style=\"color: #d74a21;\"><strong>12. MODIFICACIONES\/ ACTUALIZACI\u00d3N.<\/strong><\/span><\/p>\n<p>La presente pol\u00edtica de privacidad puede verse modificada\/actualizada en funci\u00f3n de las exigencias legales establecidas o con la finalidad de adaptar dicha pol\u00edtica a las instrucciones dictadas por la Agencia Espa\u00f1ola de Protecci\u00f3n de Datos, o a consecuencia de cambios en nuestro sitio web. Por esta raz\u00f3n, aconsejamos a los usuarios que visiten peri\u00f3dicamente nuestra Pol\u00edtica de Privacidad.<\/p>\n<p>Si tiene dudas acerca de esta pol\u00edtica, puede contactar con COLEGIO PROFESIONAL DE ECONOMISTAS DE SEVILLA a trav\u00e9s de los formularios habilitados por la organizaci\u00f3n, o bien dirigir un escrito a la direcci\u00f3n postal o correo electr\u00f3nico referenciados en el encabezamiento.<\/p>\n<p><span style=\"font-weight: 400;\"><strong>\u00daltima revisi\u00f3n 30 de marzo de 2026<\/strong><\/span><\/p>\n\n\t\t<\/div>\n\t<\/div>\n<\/div><\/div><\/div><\/div>\n<\/div>","protected":false},"excerpt":{"rendered":"<p>El objetivo de esta pol\u00edtica es informar a los interesados acerca de los distintos tratamientos realizados por esta organizaci\u00f3n mediante la p\u00e1gina web y que afecten a sus datos personales, de conformidad con lo establecido en el Reglamento (UE) 2016\/679 del Parlamento Europeo y del Consejo de 27 de abril de 2016 y en la&hellip;<\/p>","protected":false},"author":5251,"featured_media":0,"parent":0,"menu_order":0,"comment_status":"closed","ping_status":"closed","template":"","meta":{"inline_featured_image":false,"footnotes":""},"categories":[],"tags":[],"calendar":[],"organizer":[],"venue":[],"acf":[],"aioseo_notices":[],"_links":{"self":[{"href":"https:\/\/economistas-sevilla.com\/en\/wp-json\/wp\/v2\/pages\/16604"}],"collection":[{"href":"https:\/\/economistas-sevilla.com\/en\/wp-json\/wp\/v2\/pages"}],"about":[{"href":"https:\/\/economistas-sevilla.com\/en\/wp-json\/wp\/v2\/types\/page"}],"author":[{"embeddable":true,"href":"https:\/\/economistas-sevilla.com\/en\/wp-json\/wp\/v2\/users\/5251"}],"replies":[{"embeddable":true,"href":"https:\/\/economistas-sevilla.com\/en\/wp-json\/wp\/v2\/comments?post=16604"}],"version-history":[{"count":16,"href":"https:\/\/economistas-sevilla.com\/en\/wp-json\/wp\/v2\/pages\/16604\/revisions"}],"predecessor-version":[{"id":33556,"href":"https:\/\/economistas-sevilla.com\/en\/wp-json\/wp\/v2\/pages\/16604\/revisions\/33556"}],"wp:attachment":[{"href":"https:\/\/economistas-sevilla.com\/en\/wp-json\/wp\/v2\/media?parent=16604"}],"wp:term":[{"taxonomy":"category","embeddable":true,"href":"https:\/\/economistas-sevilla.com\/en\/wp-json\/wp\/v2\/categories?post=16604"},{"taxonomy":"post_tag","embeddable":true,"href":"https:\/\/economistas-sevilla.com\/en\/wp-json\/wp\/v2\/tags?post=16604"},{"taxonomy":"calendar","embeddable":true,"href":"https:\/\/economistas-sevilla.com\/en\/wp-json\/wp\/v2\/calendar?post=16604"},{"taxonomy":"organizer","embeddable":true,"href":"https:\/\/economistas-sevilla.com\/en\/wp-json\/wp\/v2\/organizer?post=16604"},{"taxonomy":"venue","embeddable":true,"href":"https:\/\/economistas-sevilla.com\/en\/wp-json\/wp\/v2\/venue?post=16604"}],"curies":[{"name":"wp","href":"https:\/\/api.w.org\/{rel}","templated":true}]}}