{"id":17247,"date":"2019-04-23T14:14:26","date_gmt":"2019-04-23T12:14:26","guid":{"rendered":"https:\/\/economistas-sevilla.com\/?page_id=17247"},"modified":"2022-06-21T09:30:13","modified_gmt":"2022-06-21T07:30:13","slug":"acuerdo-con-zenit-hoteles","status":"publish","type":"page","link":"https:\/\/economistas-sevilla.com\/en\/acuerdo-con-zenit-hoteles\/","title":{"rendered":"ACUERDO CON ZENIT HOTELES"},"content":{"rendered":"<div class=\"wpb-content-wrapper\"><div class=\"vc_row wpb_row vc_row-fluid dt-default\" style=\"margin-top: 0px;margin-bottom: 0px\"><div class=\"wpb_column vc_column_container vc_col-sm-12\"><div class=\"vc_column-inner\"><div class=\"wpb_wrapper\">\n\t<div class=\"wpb_text_column wpb_content_element\" >\n\t\t<div class=\"wpb_wrapper\">\n\t\t\t<p><a href=\"http:\/\/www.reservaszenit.com\/MenuClaveContrato\/ClaveContrato\"><img decoding=\"async\" loading=\"lazy\" class=\"wp-image-5994 aligncenter\" src=\"https:\/\/economistas-sevilla.com\/wp-content\/uploads\/Zenit-Hoteles-296x300.jpg\" sizes=\"(max-width: 148px) 100vw, 148px\" srcset=\"https:\/\/economistas-sevilla.com\/wp-content\/uploads\/Zenit-Hoteles-296x300.jpg 296w, https:\/\/economistas-sevilla.com\/wp-content\/uploads\/Zenit-Hoteles-768x780.jpg 768w, https:\/\/economistas-sevilla.com\/wp-content\/uploads\/Zenit-Hoteles-1009x1024.jpg 1009w, https:\/\/economistas-sevilla.com\/wp-content\/uploads\/Zenit-Hoteles-70x70.jpg 70w\" alt=\"\" width=\"148\" height=\"150\" \/><\/a><\/p>\n<p>&nbsp;<\/p>\n<p>El Colegio de Economistas ha renovado el acuerdo que tiene suscrito desde el a\u00f1o 2012 con Zenit Hoteles con las siguientes condiciones:<\/p>\n<ul>\n<li>El acuedo afecta a todos los Hoteles Zenit<\/li>\n<li>Los colegiados dispondr\u00e1n de un acceso exclusivo en la zona de clientes de la web de Zenit Hoteles. Pinchando en el logo del Colegio e introduciendo el c\u00f3digo de acceso \u201cECONOMISTAS\u201d los colegiados podr\u00e1n realizar reservas on line al mejor precio garantizado, con un descuento a\u00f1adido del 10%.<\/li>\n<li>Los colegiados realizar\u00e1n su reservas, a trav\u00e9s de la p\u00e1gina web www.zenithoteles.com en el apartado creado para el Colegio o llamando a la Central de Reservas Zenit \u2013 tel. 912182028 \u2013 o directamente en cada Hotel. Al realizar la reserva de los servicios solicitados ser\u00e1 imprescindible indicar el nombre de COLEGIO PROFESIONAL DE ECONOMISTAS DE SEVILLA requisito indispensable para su identificaci\u00f3n como Cliente Preferencial.<\/li>\n<li>La reserva de habitaciones estar\u00e1 a su disposici\u00f3n hasta las 18:00 horas del d\u00eda de su llegada. Si la entrada se produce despu\u00e9s de este horario indicado deber\u00e1 notificarse al Hotel, en caso contrario el Hotel podr\u00e1 disponer de la habitaci\u00f3n. En caso de que la reserva haya sido garantizada por cualquier medio y el cliente no se presente, el hotel podr\u00e1 facturar el importe equivalente a la primera noche, cancelando autom\u00e1ticamente el resto de las noches que pudieran estar reservadas. En caso de existir cualquier otra pol\u00edtica diferente para una determinada fecha, prevalecer\u00e1 la m\u00e1s restrictiva.<\/li>\n<\/ul>\n<p>Reserve en ZENIT HOTELES y disfrute de ventajas exclusivas en m\u00e1s de 20 destinos diferentes en Espa\u00f1a, Portugal y Hungr\u00eda: Madrid, Barcelona, Sevilla, M\u00e1laga, etc\u2026.<\/p>\n<p>Entre en\u00a0<a href=\"http:\/\/www.reservaszenit.com\/MenuClaveContrato\/ClaveContrato\">http:\/\/www.reservaszenit.com\/MenuClaveContrato\/ClaveContrato<\/a><\/p>\n<p>y acceda con el c\u00f3digo comunicado por el Colegio Profesional de Economistas de Sevilla o llame a la Central de Reservas de ZENIT HOTELES \u2013 912 182 028<\/p>\n<p>\u00a1Disfrutar\u00e1 de los mejores descuentos en el mejor centro!<\/p>\n\n\t\t<\/div>\n\t<\/div>\n<\/div><\/div><\/div><\/div>\n<\/div>","protected":false},"excerpt":{"rendered":"<p>&nbsp; El Colegio de Economistas ha renovado el acuerdo que tiene suscrito desde el a\u00f1o 2012 con Zenit Hoteles con las siguientes condiciones: El acuedo afecta a todos los Hoteles Zenit Los colegiados dispondr\u00e1n de un acceso exclusivo en la zona de clientes de la web de Zenit Hoteles. Pinchando en el logo del Colegio&hellip;<\/p>","protected":false},"author":5251,"featured_media":0,"parent":0,"menu_order":0,"comment_status":"closed","ping_status":"closed","template":"","meta":{"inline_featured_image":false,"footnotes":""},"categories":[],"tags":[],"calendar":[],"organizer":[],"venue":[],"acf":[],"aioseo_notices":[],"_links":{"self":[{"href":"https:\/\/economistas-sevilla.com\/en\/wp-json\/wp\/v2\/pages\/17247"}],"collection":[{"href":"https:\/\/economistas-sevilla.com\/en\/wp-json\/wp\/v2\/pages"}],"about":[{"href":"https:\/\/economistas-sevilla.com\/en\/wp-json\/wp\/v2\/types\/page"}],"author":[{"embeddable":true,"href":"https:\/\/economistas-sevilla.com\/en\/wp-json\/wp\/v2\/users\/5251"}],"replies":[{"embeddable":true,"href":"https:\/\/economistas-sevilla.com\/en\/wp-json\/wp\/v2\/comments?post=17247"}],"version-history":[{"count":3,"href":"https:\/\/economistas-sevilla.com\/en\/wp-json\/wp\/v2\/pages\/17247\/revisions"}],"predecessor-version":[{"id":17250,"href":"https:\/\/economistas-sevilla.com\/en\/wp-json\/wp\/v2\/pages\/17247\/revisions\/17250"}],"wp:attachment":[{"href":"https:\/\/economistas-sevilla.com\/en\/wp-json\/wp\/v2\/media?parent=17247"}],"wp:term":[{"taxonomy":"category","embeddable":true,"href":"https:\/\/economistas-sevilla.com\/en\/wp-json\/wp\/v2\/categories?post=17247"},{"taxonomy":"post_tag","embeddable":true,"href":"https:\/\/economistas-sevilla.com\/en\/wp-json\/wp\/v2\/tags?post=17247"},{"taxonomy":"calendar","embeddable":true,"href":"https:\/\/economistas-sevilla.com\/en\/wp-json\/wp\/v2\/calendar?post=17247"},{"taxonomy":"organizer","embeddable":true,"href":"https:\/\/economistas-sevilla.com\/en\/wp-json\/wp\/v2\/organizer?post=17247"},{"taxonomy":"venue","embeddable":true,"href":"https:\/\/economistas-sevilla.com\/en\/wp-json\/wp\/v2\/venue?post=17247"}],"curies":[{"name":"wp","href":"https:\/\/api.w.org\/{rel}","templated":true}]}}