{"id":20917,"date":"2021-06-21T12:12:11","date_gmt":"2021-06-21T10:12:11","guid":{"rendered":"https:\/\/economistas-sevilla.com\/?page_id=20917"},"modified":"2022-06-21T13:03:32","modified_gmt":"2022-06-21T11:03:32","slug":"reserva-de-espacios","status":"publish","type":"page","link":"https:\/\/economistas-sevilla.com\/en\/reserva-de-espacios\/","title":{"rendered":"Reserva de espacios"},"content":{"rendered":"<div class=\"wpb-content-wrapper\"><div class=\"vc_row wpb_row vc_row-fluid dt-default\" style=\"margin-top: 0px;margin-bottom: 0px\"><div class=\"wpb_column vc_column_container vc_col-sm-12\"><div class=\"vc_column-inner\"><div class=\"wpb_wrapper\">\n\t<div class=\"wpb_text_column wpb_content_element\" >\n\t\t<div class=\"wpb_wrapper\">\n\t\t\t\n<div class=\"wpcf7 no-js\" id=\"wpcf7-f21030-o1\" lang=\"es-ES\" dir=\"ltr\">\n<div class=\"screen-reader-response\"><p role=\"status\" aria-live=\"polite\" aria-atomic=\"true\"><\/p> <ul><\/ul><\/div>\n<form action=\"\/en\/wp-json\/wp\/v2\/pages\/20917#wpcf7-f21030-o1\" method=\"post\" class=\"wpcf7-form init\" aria-label=\"Formulario de contacto\" novalidate=\"novalidate\" data-status=\"init\" data-trp-original-action=\"\/en\/wp-json\/wp\/v2\/pages\/20917#wpcf7-f21030-o1\">\n<div style=\"display: none;\">\n<input type=\"hidden\" name=\"_wpcf7\" value=\"21030\" \/>\n<input type=\"hidden\" name=\"_wpcf7_version\" value=\"5.9.8\" \/>\n<input type=\"hidden\" name=\"_wpcf7_locale\" value=\"es_ES\" \/>\n<input type=\"hidden\" name=\"_wpcf7_unit_tag\" value=\"wpcf7-f21030-o1\" \/>\n<input type=\"hidden\" name=\"_wpcf7_container_post\" value=\"0\" \/>\n<input type=\"hidden\" name=\"_wpcf7_posted_data_hash\" value=\"\" \/>\n<input type=\"hidden\" name=\"_wpcf7_recaptcha_response\" value=\"\" \/>\n<\/div>\n<p><img class=\"size-full wp-image-9 aligncenter\" src=\"https:\/\/economistas-sevilla.com\/wp-content\/uploads\/2022\/02\/Logo-sin-fondo.png\" alt=\"\" width=\"458\" height=\"148\" \/>\n<\/p>\n<h4 style=\"text-align: center; color: #000000;\"><strong>Reserva una sala en nuestras instalaciones<\/strong>\n<\/h4>\n<p>&nbsp;\n<\/p>\n<hr \/>\n<p><label> Nombre y apellidos\n\t\t<font color=\"#D3441C\">*\n\t\t<\/font><br \/>\n<span class=\"wpcf7-form-control-wrap\" data-name=\"your-name\"><input size=\"40\" maxlength=\"400\" class=\"wpcf7-form-control wpcf7-text wpcf7-validates-as-required\" aria-required=\"true\" aria-invalid=\"false\" value=\"\" type=\"text\" name=\"your-name\" \/><\/span> <\/label>\n<\/p>\n<p><label> Email\n\t\t<font color=\"#D3441C\">*\n\t\t<\/font><br \/>\n<span class=\"wpcf7-form-control-wrap\" data-name=\"your-email\"><input size=\"40\" maxlength=\"400\" class=\"wpcf7-form-control wpcf7-email wpcf7-validates-as-required wpcf7-text wpcf7-validates-as-email\" aria-required=\"true\" aria-invalid=\"false\" value=\"\" type=\"email\" name=\"your-email\" \/><\/span> <\/label>\n<\/p>\n<p><label> Tel\u00e9fono\n\t\t<font color=\"#D3441C\">*\n\t\t<\/font><br \/>\n<span class=\"wpcf7-form-control-wrap\" data-name=\"Telfono\"><input size=\"40\" maxlength=\"400\" class=\"wpcf7-form-control wpcf7-tel wpcf7-validates-as-required wpcf7-text wpcf7-validates-as-tel\" aria-required=\"true\" aria-invalid=\"false\" value=\"\" type=\"tel\" name=\"Telfono\" \/><\/span> <\/label>\n<\/p>\n<p><label> N\u00ba de asistentes\n\t\t<font color=\"#D3441C\">*\n\t\t<\/font><br \/>\n<span class=\"wpcf7-form-control-wrap\" data-name=\"asistentes\"><input class=\"wpcf7-form-control wpcf7-number wpcf7-validates-as-required wpcf7-validates-as-number\" aria-required=\"true\" aria-invalid=\"false\" value=\"\" type=\"number\" name=\"asistentes\" \/><\/span> <\/label>\n<\/p>\n<p><label> Fecha de la reserva\n\t\t<font color=\"#D3441C\">*\n\t\t<\/font><br \/>\n<span class=\"wpcf7-form-control-wrap\" data-name=\"fecha\"><input size=\"40\" maxlength=\"400\" class=\"wpcf7-form-control wpcf7-text wpcf7-validates-as-required\" aria-required=\"true\" aria-invalid=\"false\" value=\"\" type=\"text\" name=\"fecha\" \/><\/span> <\/label>\n<\/p>\n<p><label> Escribe tu mensaje<br \/>\n<span class=\"wpcf7-form-control-wrap\" data-name=\"your-message\"><textarea cols=\"40\" rows=\"10\" maxlength=\"2000\" class=\"wpcf7-form-control wpcf7-textarea\" aria-invalid=\"false\" name=\"your-message\"><\/textarea><\/span> <\/label>\n<\/p>\n<p><strong>Informaci\u00f3n b\u00e1sica en protecci\u00f3n de datos.-<\/strong> Conforme al RGPD y la LOPDGDD, el COLEGIO PROFESIONAL DE ECONOMISTAS DE SEVILLA tratar\u00e1 los datos facilitados, con la finalidad de contestar las dudas y\/o quejas planteadas a trav\u00e9s del presente formulario y facilitar la informaci\u00f3n solicitada. Siempre que nos lo autorice previamente, enviaremos informaci\u00f3n relacionada con los servicios ofrecidos por el COLEGIO PROFESIONAL DE ECONOMISTAS DE SEVILLA. Podr\u00e1 ejercer, si lo desea, los derechos de acceso, rectificaci\u00f3n, supresi\u00f3n, y dem\u00e1s reconocidos en la normativa mencionada. Para obtener m\u00e1s informaci\u00f3n acerca de c\u00f3mo estamos tratando sus datos, acceda a nuestra <a href=\"\/en\/politica-de-privacidad\/\">Pol\u00edtica de Privacidad<\/a>.\n<\/p>\n<p><span class=\"wpcf7-form-control-wrap\" data-name=\"acceptance-783\"><span class=\"wpcf7-form-control wpcf7-acceptance\"><span class=\"wpcf7-list-item\"><input type=\"checkbox\" name=\"acceptance-783\" value=\"1\" aria-invalid=\"false\" \/><\/span><\/span><\/span><label>\n\t\t<font size=\"2\"><strong>ENTIENDO Y ACEPTO\n\t\t\t\t<font color=\"#D3441C\">*\n\t\t\t\t<\/font> <\/strong> el tratamiento de mis datos tal y como se describe anteriormente y se explica con mayor detalle en la Pol\u00edtica de Privacidad. (Su negativa a facilitarnos la autorizaci\u00f3n implicar\u00e1 la imposibilidad de tratar sus datos con la finalidad indicada).\n\t\t<\/font><\/label>\n<\/p>\n<p><span class=\"wpcf7-form-control-wrap\" data-name=\"acceptance-783\"><span class=\"wpcf7-form-control wpcf7-acceptance\"><span class=\"wpcf7-list-item\"><input type=\"checkbox\" name=\"acceptance-783\" value=\"1\" aria-invalid=\"false\" \/><\/span><\/span><\/span><label>\n\t\t<font size=\"2\"><strong>ENTIENDO Y ACEPTO\n\t\t\t\t<font color=\"#D3441C\">*\n\t\t\t\t<\/font> <\/strong> recibir informaci\u00f3n en los t\u00e9rminos arriba indicados sobre los servicios del COLEGIO PROFESIONAL DE ECONOMISTAS DE SEVILLA. (Su negativa a facilitarnos la autorizaci\u00f3n implicar\u00e1 la imposibilidad de enviarle informaci\u00f3n comercial por parte de la entidad).\n\t\t<\/font> <\/label>\n<\/p>\n<p><input class=\"wpcf7-form-control wpcf7-submit has-spinner\" type=\"submit\" value=\"Enviar\" \/>\n<\/p>\n<font size=\"2\">Los campos marcados con\n\t<font color=\"#D3441C\">*\n\t<\/font> son obligatorios.\n<\/font><input type='hidden' class='wpcf7-pum' value='{\"closepopup\":false,\"closedelay\":0,\"openpopup\":false,\"openpopup_id\":0}' \/><div class=\"wpcf7-response-output\" aria-hidden=\"true\"><\/div>\n<input type=\"hidden\" name=\"trp-form-language\" value=\"en\"\/><\/form>\n<\/div>\n\n\n\t\t<\/div>\n\t<\/div>\n<\/div><\/div><\/div><\/div><!-- Row Backgrounds --><div class=\"upb_color\" data-bg-override=\"0\" data-bg-color=\"#efefef\" data-fadeout=\"\" data-fadeout-percentage=\"30\" data-parallax-content=\"\" data-parallax-content-sense=\"30\" data-row-effect-mobile-disable=\"true\" data-img-parallax-mobile-disable=\"true\" data-rtl=\"false\"  data-custom-vc-row=\"\"  data-vc=\"8.7.2\"  data-is_old_vc=\"\"  data-theme-support=\"\"   data-overlay=\"false\" data-overlay-color=\"\" data-overlay-pattern=\"\" data-overlay-pattern-opacity=\"\" data-overlay-pattern-size=\"\"    ><\/div>\n<\/div>","protected":false},"excerpt":{"rendered":"<p>Reserva una sala en nuestras instalaciones &nbsp; Nombre y apellidos * Email * Tel\u00e9fono * N\u00ba de asistentes * Fecha de la reserva * Escribe tu mensaje Informaci\u00f3n b\u00e1sica en protecci\u00f3n de datos.- Conforme al RGPD y la LOPDGDD, el COLEGIO PROFESIONAL DE ECONOMISTAS DE SEVILLA tratar\u00e1 los datos facilitados, con la finalidad de contestar&hellip;<\/p>","protected":false},"author":5251,"featured_media":0,"parent":0,"menu_order":0,"comment_status":"closed","ping_status":"closed","template":"","meta":{"inline_featured_image":false,"footnotes":""},"calendar":[],"organizer":[],"venue":[],"acf":[],"aioseo_notices":[],"_links":{"self":[{"href":"https:\/\/economistas-sevilla.com\/en\/wp-json\/wp\/v2\/pages\/20917"}],"collection":[{"href":"https:\/\/economistas-sevilla.com\/en\/wp-json\/wp\/v2\/pages"}],"about":[{"href":"https:\/\/economistas-sevilla.com\/en\/wp-json\/wp\/v2\/types\/page"}],"author":[{"embeddable":true,"href":"https:\/\/economistas-sevilla.com\/en\/wp-json\/wp\/v2\/users\/5251"}],"replies":[{"embeddable":true,"href":"https:\/\/economistas-sevilla.com\/en\/wp-json\/wp\/v2\/comments?post=20917"}],"version-history":[{"count":17,"href":"https:\/\/economistas-sevilla.com\/en\/wp-json\/wp\/v2\/pages\/20917\/revisions"}],"predecessor-version":[{"id":24836,"href":"https:\/\/economistas-sevilla.com\/en\/wp-json\/wp\/v2\/pages\/20917\/revisions\/24836"}],"wp:attachment":[{"href":"https:\/\/economistas-sevilla.com\/en\/wp-json\/wp\/v2\/media?parent=20917"}],"wp:term":[{"taxonomy":"calendar","embeddable":true,"href":"https:\/\/economistas-sevilla.com\/en\/wp-json\/wp\/v2\/calendar?post=20917"},{"taxonomy":"organizer","embeddable":true,"href":"https:\/\/economistas-sevilla.com\/en\/wp-json\/wp\/v2\/organizer?post=20917"},{"taxonomy":"venue","embeddable":true,"href":"https:\/\/economistas-sevilla.com\/en\/wp-json\/wp\/v2\/venue?post=20917"}],"curies":[{"name":"wp","href":"https:\/\/api.w.org\/{rel}","templated":true}]}}