{"id":28905,"date":"2023-12-22T14:34:58","date_gmt":"2023-12-22T12:34:58","guid":{"rendered":"https:\/\/economistas-sevilla.com\/?page_id=28905"},"modified":"2024-03-07T11:30:16","modified_gmt":"2024-03-07T09:30:16","slug":"observatorio-de-indicadores-economicos-de-sevilla","status":"publish","type":"page","link":"https:\/\/economistas-sevilla.com\/en\/observatorio-de-indicadores-economicos-de-sevilla\/","title":{"rendered":"Observatorio de indicadores econ\u00f3micos de Sevilla"},"content":{"rendered":"<div class=\"wpb-content-wrapper\"><div data-vc-full-width=\"true\" data-vc-full-width-temp=\"true\" data-vc-full-width-init=\"false\" class=\"vc_row wpb_row vc_row-fluid vc_custom_1709803681926 vc_row-has-fill\"><div class=\"wpb_column vc_column_container vc_col-sm-4\"><div class=\"vc_column-inner\"><div class=\"wpb_wrapper\"><\/div><\/div><\/div><div class=\"wpb_column vc_column_container vc_col-sm-4 vc_hidden-lg vc_hidden-md\"><div class=\"vc_column-inner\"><div class=\"wpb_wrapper\">\n\t<div  class=\"wpb_single_image wpb_content_element vc_align_center\">\n\t\t\n\t\t<figure class=\"wpb_wrapper vc_figure\">\n\t\t\t<div class=\"vc_single_image-wrapper   vc_box_border_grey\"><img width=\"300\" height=\"259\" src=\"https:\/\/economistas-sevilla.com\/wp-content\/uploads\/2023\/12\/imagen_2023-12-18_140631947-e1702906487816-300x259.png\" class=\"vc_single_image-img attachment-medium\" alt=\"\" decoding=\"async\" title=\"imagen_2023-12-18_140631947\" loading=\"lazy\" srcset=\"https:\/\/economistas-sevilla.com\/wp-content\/uploads\/2023\/12\/imagen_2023-12-18_140631947-e1702906487816-300x259.png 300w, https:\/\/economistas-sevilla.com\/wp-content\/uploads\/2023\/12\/imagen_2023-12-18_140631947-e1702906487816-14x12.png 14w, https:\/\/economistas-sevilla.com\/wp-content\/uploads\/2023\/12\/imagen_2023-12-18_140631947-e1702906487816.png 524w\" sizes=\"(max-width: 300px) 100vw, 300px\"  data-dt-location=\"https:\/\/economistas-sevilla.com\/en\/imagen_2023-12-18_140631947\/\" \/><\/div>\n\t\t<\/figure>\n\t<\/div>\n<\/div><\/div><\/div><div class=\"wpb_column vc_column_container vc_col-sm-4\"><div class=\"vc_column-inner\"><div class=\"wpb_wrapper\"><\/div><\/div><\/div><\/div><div class=\"vc_row-full-width vc_clearfix\"><\/div><!-- Row Backgrounds --><div class=\"upb_bg_img\" data-ultimate-bg=\"url(https:\/\/economistas-sevilla.com\/wp-content\/uploads\/2023\/12\/observatorio-economico-sevilla.png)\" data-image-id=\"id^28883|url^https:\/\/economistas-sevilla.com\/wp-content\/uploads\/2023\/12\/observatorio-economico-sevilla.png|caption^null|alt^null|title^observatorio economico sevilla|description^null\" data-ultimate-bg-style=\"vcpb-default\" data-bg-img-repeat=\"no-repeat\" data-bg-img-size=\"cover\" data-bg-img-position=\"\" data-parallx_sense=\"30\" data-bg-override=\"ex-full\" data-bg_img_attach=\"scroll\" data-upb-overlay-color=\"\" data-upb-bg-animation=\"\" data-fadeout=\"\" data-bg-animation=\"left-animation\" data-bg-animation-type=\"h\" data-animation-repeat=\"repeat\" data-fadeout-percentage=\"30\" data-parallax-content=\"\" data-parallax-content-sense=\"30\" data-row-effect-mobile-disable=\"true\" data-img-parallax-mobile-disable=\"true\" data-rtl=\"false\"  data-custom-vc-row=\"\"  data-vc=\"8.7.2\"  data-is_old_vc=\"\"  data-theme-support=\"\"   data-overlay=\"false\" data-overlay-color=\"\" data-overlay-pattern=\"\" data-overlay-pattern-opacity=\"\" data-overlay-pattern-size=\"\"    ><\/div><div data-vc-full-width=\"true\" data-vc-full-width-temp=\"true\" data-vc-full-width-init=\"false\" class=\"vc_row wpb_row vc_row-fluid vc_custom_1709803681926 vc_row-has-fill\"><div class=\"wpb_column vc_column_container vc_col-sm-12 vc_hidden-lg vc_hidden-md\"><div class=\"vc_column-inner\"><div class=\"wpb_wrapper\">\n\t<div class=\"wpb_text_column wpb_content_element\" >\n\t\t<div class=\"wpb_wrapper\">\n\t\t\t<p style=\"font-size: 37px; color: #d64b24; text-align: center;\"><span style=\"color: #ffffff;\"><strong>O<\/strong><strong>BSERVATORIO <\/strong><\/span><\/p>\n<p style=\"font-size: 37px; color: #d64b24; text-align: center;\"><span style=\"color: #ffffff;\"><strong>DE INDICADORES <\/strong><\/span><\/p>\n<p style=\"font-size: 37px; color: #d64b24; text-align: center;\"><span style=\"color: #ffffff;\"><strong>ECON\u00d3MICOS DE <\/strong><\/span><\/p>\n<p style=\"font-size: 37px; color: #d64b24; text-align: center;\"><span style=\"color: #ffffff;\"><strong>SEVILLA<\/strong><\/span><\/p>\n\n\t\t<\/div>\n\t<\/div>\n<div class=\"ult-spacer spacer-69d5353918616\" data-id=\"69d5353918616\" data-height=\"20\" data-height-mobile=\"20\" data-height-tab=\"20\" data-height-tab-portrait=\"\" data-height-mobile-landscape=\"\" style=\"clear:both;display:block;\"><\/div>\n\t<div class=\"wpb_text_column wpb_content_element\" >\n\t\t<div class=\"wpb_wrapper\">\n\t\t\t<h5 style=\"text-align: center;\"><strong><span style=\"color: #ffffff;\">Accede a m\u00faltiples\u00a0variables econ\u00f3micas, a nivel nacional, auton\u00f3mico y provincial, para conocer el estado de nuestra econom\u00eda.<\/span><\/strong><\/h5>\n\n\t\t<\/div>\n\t<\/div>\n\n\t<div class=\"wpb_text_column wpb_content_element\" >\n\t\t<div class=\"wpb_wrapper\">\n\t\t\t<p style=\"text-align: right;\"><span style=\"color: #ffffff;\"><strong>Proyecto financiado por PRODETUR.<\/strong><\/span><\/p>\n\n\t\t<\/div>\n\t<\/div>\n<div class=\"ult-spacer spacer-69d53539186ca\" data-id=\"69d53539186ca\" data-height=\"20\" data-height-mobile=\"20\" data-height-tab=\"20\" data-height-tab-portrait=\"\" data-height-mobile-landscape=\"\" style=\"clear:both;display:block;\"><\/div><div class=\"ubtn-ctn-center\"><a class=\"ubtn-link ult-adjust-bottom-margin ubtn-center ubtn-custom\" href=\"https:\/\/www.observatorioeconomicosevilla.com\/\" target=\"_blank\" rel=\"noopener\" ><button type=\"button\" id=\"ubtn-1127\"  class=\"ubtn ult-adjust-bottom-margin ult-responsive ubtn-custom ubtn-no-hover-bg  none  ubtn-center   tooltip-69d53539186ec\"  data-hover=\"#d64b24\" data-border-color=\"#d64b24\" data-bg=\"#d64b24\" data-hover-bg=\"#ffffff\" data-border-hover=\"#d64b24\" data-shadow-hover=\"\" data-shadow-click=\"none\" data-shadow=\"\" data-shd-shadow=\"\"  data-ultimate-target='#ubtn-1127'  data-responsive-json-new='{\"font-size\":\"desktop:15px;\",\"line-height\":\"\"}'  style=\"font-weight:bold;width:220px;min-height:55px;padding:px px;border-radius:3px;border-width:1px;border-color:#d64b24;border-style:solid;background: #d64b24;color: #ffffff;\"><span class=\"ubtn-hover\" style=\"background-color:#ffffff\"><\/span><span class=\"ubtn-data ubtn-text\" >Acceso al observatorio de indicadores<\/span><\/button><\/a><\/div><\/div><\/div><\/div><\/div><div class=\"vc_row-full-width vc_clearfix\"><\/div><!-- Row Backgrounds --><div class=\"upb_bg_img\" data-ultimate-bg=\"url(https:\/\/economistas-sevilla.com\/wp-content\/uploads\/2023\/12\/observatorio-economico-sevilla.png)\" data-image-id=\"id^28883|url^https:\/\/economistas-sevilla.com\/wp-content\/uploads\/2023\/12\/observatorio-economico-sevilla.png|caption^null|alt^null|title^observatorio economico sevilla|description^null\" data-ultimate-bg-style=\"vcpb-default\" data-bg-img-repeat=\"no-repeat\" data-bg-img-size=\"cover\" data-bg-img-position=\"\" data-parallx_sense=\"30\" data-bg-override=\"ex-full\" data-bg_img_attach=\"scroll\" data-upb-overlay-color=\"\" data-upb-bg-animation=\"\" data-fadeout=\"\" data-bg-animation=\"left-animation\" data-bg-animation-type=\"h\" data-animation-repeat=\"repeat\" data-fadeout-percentage=\"30\" data-parallax-content=\"\" data-parallax-content-sense=\"30\" data-row-effect-mobile-disable=\"true\" data-img-parallax-mobile-disable=\"true\" data-rtl=\"false\"  data-custom-vc-row=\"\"  data-vc=\"8.7.2\"  data-is_old_vc=\"\"  data-theme-support=\"\"   data-overlay=\"false\" data-overlay-color=\"\" data-overlay-pattern=\"\" data-overlay-pattern-opacity=\"\" data-overlay-pattern-size=\"\"    ><\/div><div class=\"vc_row wpb_row vc_row-fluid vc_custom_1702907020365 vc_row-has-fill vc_row-o-equal-height vc_row-flex\"><div class=\"wpb_column vc_column_container vc_col-sm-6 vc_hidden-sm vc_hidden-xs\"><div class=\"vc_column-inner\"><div class=\"wpb_wrapper\"><div class=\"ult-spacer spacer-69d5353918a36\" data-id=\"69d5353918a36\" data-height=\"50\" data-height-mobile=\"50\" data-height-tab=\"50\" data-height-tab-portrait=\"\" data-height-mobile-landscape=\"\" style=\"clear:both;display:block;\"><\/div><div class=\"ult-spacer spacer-69d5353918a42\" data-id=\"69d5353918a42\" data-height=\"50\" data-height-mobile=\"50\" data-height-tab=\"50\" data-height-tab-portrait=\"\" data-height-mobile-landscape=\"\" style=\"clear:both;display:block;\"><\/div><div class=\"ult-spacer spacer-69d5353918a48\" data-id=\"69d5353918a48\" data-height=\"50\" data-height-mobile=\"50\" data-height-tab=\"50\" data-height-tab-portrait=\"\" data-height-mobile-landscape=\"\" style=\"clear:both;display:block;\"><\/div><div class=\"ult-spacer spacer-69d5353918a4e\" data-id=\"69d5353918a4e\" data-height=\"50\" data-height-mobile=\"50\" data-height-tab=\"50\" data-height-tab-portrait=\"\" data-height-mobile-landscape=\"\" style=\"clear:both;display:block;\"><\/div><div class=\"ult-spacer spacer-69d5353918a54\" data-id=\"69d5353918a54\" data-height=\"50\" data-height-mobile=\"50\" data-height-tab=\"50\" data-height-tab-portrait=\"\" data-height-mobile-landscape=\"\" style=\"clear:both;display:block;\"><\/div>\n\t<div  class=\"wpb_single_image wpb_content_element vc_align_center\">\n\t\t\n\t\t<figure class=\"wpb_wrapper vc_figure\">\n\t\t\t<div class=\"vc_single_image-wrapper   vc_box_border_grey\"><img width=\"300\" height=\"259\" src=\"https:\/\/economistas-sevilla.com\/wp-content\/uploads\/2023\/12\/imagen_2023-12-18_140631947-e1702906487816-300x259.png\" class=\"vc_single_image-img attachment-medium\" alt=\"\" decoding=\"async\" title=\"imagen_2023-12-18_140631947\" loading=\"lazy\" srcset=\"https:\/\/economistas-sevilla.com\/wp-content\/uploads\/2023\/12\/imagen_2023-12-18_140631947-e1702906487816-300x259.png 300w, https:\/\/economistas-sevilla.com\/wp-content\/uploads\/2023\/12\/imagen_2023-12-18_140631947-e1702906487816-14x12.png 14w, https:\/\/economistas-sevilla.com\/wp-content\/uploads\/2023\/12\/imagen_2023-12-18_140631947-e1702906487816.png 524w\" sizes=\"(max-width: 300px) 100vw, 300px\"  data-dt-location=\"https:\/\/economistas-sevilla.com\/en\/imagen_2023-12-18_140631947\/\" \/><\/div>\n\t\t<\/figure>\n\t<\/div>\n<\/div><\/div><\/div><div class=\"wpb_column vc_column_container vc_col-sm-6 vc_hidden-sm vc_hidden-xs\"><div class=\"vc_column-inner\"><div class=\"wpb_wrapper\"><div class=\"ult-spacer spacer-69d5353918d0d\" data-id=\"69d5353918d0d\" data-height=\"50\" data-height-mobile=\"50\" data-height-tab=\"50\" data-height-tab-portrait=\"\" data-height-mobile-landscape=\"\" style=\"clear:both;display:block;\"><\/div><div class=\"ult-spacer spacer-69d5353918d18\" data-id=\"69d5353918d18\" data-height=\"50\" data-height-mobile=\"50\" data-height-tab=\"50\" data-height-tab-portrait=\"\" data-height-mobile-landscape=\"\" style=\"clear:both;display:block;\"><\/div>\n\t<div class=\"wpb_text_column wpb_content_element\" >\n\t\t<div class=\"wpb_wrapper\">\n\t\t\t<p style=\"font-size: 37px; color: #d64b24; text-align: right;\"><a name=\"quien-puede-precolegiarse\"><\/a><span style=\"color: #ffffff;\"><strong>OBSERVATORIO DE<\/strong><\/span><\/p>\n\n\t\t<\/div>\n\t<\/div>\n\n\t<div class=\"wpb_text_column wpb_content_element\" >\n\t\t<div class=\"wpb_wrapper\">\n\t\t\t<p style=\"font-size: 37px; color: #d64b24; text-align: right;\"><span style=\"color: #ffffff;\"><a style=\"color: #ffffff;\" name=\"quien-puede-precolegiarse\"><\/a><strong>INDICADORES ECON\u00d3MICOS<\/strong><\/span><\/p>\n\n\t\t<\/div>\n\t<\/div>\n\n\t<div class=\"wpb_text_column wpb_content_element\" >\n\t\t<div class=\"wpb_wrapper\">\n\t\t\t<p style=\"font-size: 37px; color: #d64b24; text-align: right;\"><span style=\"color: #ffffff;\"><a style=\"color: #ffffff;\" name=\"quien-puede-precolegiarse\"><\/a><strong>DE SEVILLA<\/strong><\/span><\/p>\n\n\t\t<\/div>\n\t<\/div>\n<div class=\"ult-spacer spacer-69d5353918e17\" data-id=\"69d5353918e17\" data-height=\"20\" data-height-mobile=\"20\" data-height-tab=\"20\" data-height-tab-portrait=\"\" data-height-mobile-landscape=\"\" style=\"clear:both;display:block;\"><\/div><div class=\"ult-spacer spacer-69d5353918e20\" data-id=\"69d5353918e20\" data-height=\"20\" data-height-mobile=\"20\" data-height-tab=\"20\" data-height-tab-portrait=\"\" data-height-mobile-landscape=\"\" style=\"clear:both;display:block;\"><\/div>\n\t<div class=\"wpb_text_column wpb_content_element\" >\n\t\t<div class=\"wpb_wrapper\">\n\t\t\t<h5 style=\"text-align: right;\"><strong><span style=\"color: #ffffff;\">Accede a m\u00faltiples\u00a0variables econ\u00f3micas, a nivel nacional, auton\u00f3mico y provincial, para conocer el estado de nuestra econom\u00eda.<\/span><\/strong><\/h5>\n\n\t\t<\/div>\n\t<\/div>\n\n\t<div class=\"wpb_text_column wpb_content_element\" >\n\t\t<div class=\"wpb_wrapper\">\n\t\t\t<p style=\"text-align: right;\"><span style=\"color: #ffffff;\"><strong>Proyecto financiado por PRODETUR.<\/strong><\/span><\/p>\n\n\t\t<\/div>\n\t<\/div>\n<div class=\"ult-spacer spacer-69d5353918eae\" data-id=\"69d5353918eae\" data-height=\"20\" data-height-mobile=\"20\" data-height-tab=\"20\" data-height-tab-portrait=\"\" data-height-mobile-landscape=\"\" style=\"clear:both;display:block;\"><\/div><div class=\"ubtn-ctn-center\"><a class=\"ubtn-link ult-adjust-bottom-margin ubtn-center ubtn-custom\" href=\"https:\/\/www.observatorioeconomicosevilla.com\/\" target=\"_blank\" rel=\"noopener\" ><button type=\"button\" id=\"ubtn-1095\"  class=\"ubtn ult-adjust-bottom-margin ult-responsive ubtn-custom ubtn-no-hover-bg  none  ubtn-center   tooltip-69d5353918ec0\"  data-hover=\"#d64b24\" data-border-color=\"#d64b24\" data-bg=\"#d64b24\" data-hover-bg=\"#ffffff\" data-border-hover=\"#d64b24\" data-shadow-hover=\"\" data-shadow-click=\"none\" data-shadow=\"\" data-shd-shadow=\"\"  data-ultimate-target='#ubtn-1095'  data-responsive-json-new='{\"font-size\":\"desktop:15px;\",\"line-height\":\"\"}'  style=\"font-weight:bold;width:220px;min-height:55px;padding:px px;border-radius:3px;border-width:1px;border-color:#d64b24;border-style:solid;background: #d64b24;color: #ffffff;\"><span class=\"ubtn-hover\" style=\"background-color:#ffffff\"><\/span><span class=\"ubtn-data ubtn-text\" >Acceso al observatorio de indicadores<\/span><\/button><\/a><\/div><div class=\"ult-spacer spacer-69d5353918ee2\" data-id=\"69d5353918ee2\" data-height=\"60\" data-height-mobile=\"60\" data-height-tab=\"60\" data-height-tab-portrait=\"\" data-height-mobile-landscape=\"\" style=\"clear:both;display:block;\"><\/div><div class=\"ult-spacer spacer-69d5353918ee8\" data-id=\"69d5353918ee8\" data-height=\"60\" data-height-mobile=\"60\" data-height-tab=\"60\" data-height-tab-portrait=\"\" data-height-mobile-landscape=\"\" style=\"clear:both;display:block;\"><\/div><div class=\"ult-spacer spacer-69d5353918eee\" data-id=\"69d5353918eee\" data-height=\"60\" data-height-mobile=\"60\" data-height-tab=\"60\" data-height-tab-portrait=\"\" data-height-mobile-landscape=\"\" style=\"clear:both;display:block;\"><\/div><div class=\"ult-spacer spacer-69d5353918ef3\" data-id=\"69d5353918ef3\" data-height=\"60\" data-height-mobile=\"60\" data-height-tab=\"60\" data-height-tab-portrait=\"\" data-height-mobile-landscape=\"\" style=\"clear:both;display:block;\"><\/div><\/div><\/div><\/div><\/div><!-- Row Backgrounds --><div class=\"upb_bg_img\" data-ultimate-bg=\"url(https:\/\/economistas-sevilla.com\/wp-content\/uploads\/2023\/12\/observatorio-economico-sevilla.png)\" data-image-id=\"id^28883|url^https:\/\/economistas-sevilla.com\/wp-content\/uploads\/2023\/12\/observatorio-economico-sevilla.png|caption^null|alt^null|title^observatorio economico sevilla|description^null\" data-ultimate-bg-style=\"vcpb-default\" data-bg-img-repeat=\"no-repeat\" data-bg-img-size=\"cover\" data-bg-img-position=\"\" data-parallx_sense=\"30\" data-bg-override=\"full\" data-bg_img_attach=\"scroll\" data-upb-overlay-color=\"\" data-upb-bg-animation=\"\" data-fadeout=\"\" data-bg-animation=\"left-animation\" data-bg-animation-type=\"h\" data-animation-repeat=\"repeat\" data-fadeout-percentage=\"30\" data-parallax-content=\"\" data-parallax-content-sense=\"30\" data-row-effect-mobile-disable=\"true\" data-img-parallax-mobile-disable=\"true\" data-rtl=\"false\"  data-custom-vc-row=\"\"  data-vc=\"8.7.2\"  data-is_old_vc=\"\"  data-theme-support=\"\"   data-overlay=\"false\" data-overlay-color=\"\" data-overlay-pattern=\"\" data-overlay-pattern-opacity=\"\" data-overlay-pattern-size=\"\"    ><\/div><div class=\"wpb_column vc_column_container vc_col-sm-12 vc_hidden-lg vc_hidden-md\"><div class=\"vc_column-inner\"><div class=\"wpb_wrapper\"><div class=\"ult-spacer spacer-69d5353919063\" data-id=\"69d5353919063\" data-height=\"60\" data-height-mobile=\"60\" data-height-tab=\"60\" data-height-tab-portrait=\"\" data-height-mobile-landscape=\"\" style=\"clear:both;display:block;\"><\/div><\/div><\/div><\/div>\n<\/div>","protected":false},"excerpt":{"rendered":"<p>OBSERVATORIO DE INDICADORES ECON\u00d3MICOS DE SEVILLA Accede a m\u00faltiples\u00a0variables econ\u00f3micas, a nivel nacional, auton\u00f3mico y provincial, para conocer el estado de nuestra econom\u00eda. Proyecto financiado por PRODETUR. Acceso al observatorio de indicadores OBSERVATORIO DE INDICADORES ECON\u00d3MICOS DE SEVILLA Accede a m\u00faltiples\u00a0variables econ\u00f3micas, a nivel nacional, auton\u00f3mico y provincial, para conocer el estado de nuestra econom\u00eda.&hellip;<\/p>","protected":false},"author":5251,"featured_media":0,"parent":0,"menu_order":0,"comment_status":"closed","ping_status":"closed","template":"","meta":{"inline_featured_image":false,"footnotes":""},"categories":[],"tags":[],"calendar":[],"organizer":[],"venue":[],"acf":[],"aioseo_notices":[],"_links":{"self":[{"href":"https:\/\/economistas-sevilla.com\/en\/wp-json\/wp\/v2\/pages\/28905"}],"collection":[{"href":"https:\/\/economistas-sevilla.com\/en\/wp-json\/wp\/v2\/pages"}],"about":[{"href":"https:\/\/economistas-sevilla.com\/en\/wp-json\/wp\/v2\/types\/page"}],"author":[{"embeddable":true,"href":"https:\/\/economistas-sevilla.com\/en\/wp-json\/wp\/v2\/users\/5251"}],"replies":[{"embeddable":true,"href":"https:\/\/economistas-sevilla.com\/en\/wp-json\/wp\/v2\/comments?post=28905"}],"version-history":[{"count":43,"href":"https:\/\/economistas-sevilla.com\/en\/wp-json\/wp\/v2\/pages\/28905\/revisions"}],"predecessor-version":[{"id":29428,"href":"https:\/\/economistas-sevilla.com\/en\/wp-json\/wp\/v2\/pages\/28905\/revisions\/29428"}],"wp:attachment":[{"href":"https:\/\/economistas-sevilla.com\/en\/wp-json\/wp\/v2\/media?parent=28905"}],"wp:term":[{"taxonomy":"category","embeddable":true,"href":"https:\/\/economistas-sevilla.com\/en\/wp-json\/wp\/v2\/categories?post=28905"},{"taxonomy":"post_tag","embeddable":true,"href":"https:\/\/economistas-sevilla.com\/en\/wp-json\/wp\/v2\/tags?post=28905"},{"taxonomy":"calendar","embeddable":true,"href":"https:\/\/economistas-sevilla.com\/en\/wp-json\/wp\/v2\/calendar?post=28905"},{"taxonomy":"organizer","embeddable":true,"href":"https:\/\/economistas-sevilla.com\/en\/wp-json\/wp\/v2\/organizer?post=28905"},{"taxonomy":"venue","embeddable":true,"href":"https:\/\/economistas-sevilla.com\/en\/wp-json\/wp\/v2\/venue?post=28905"}],"curies":[{"name":"wp","href":"https:\/\/api.w.org\/{rel}","templated":true}]}}