{"id":32211,"date":"2025-09-17T09:28:44","date_gmt":"2025-09-17T07:28:44","guid":{"rendered":"https:\/\/economistas-sevilla.com\/?page_id=32211"},"modified":"2025-10-29T11:14:31","modified_gmt":"2025-10-29T09:14:31","slug":"gestion-de-ecotrafico","status":"publish","type":"page","link":"https:\/\/economistas-sevilla.com\/en\/gestion-de-ecotrafico\/","title":{"rendered":"Gesti\u00f3n de EcoTr\u00e1fico"},"content":{"rendered":"<div class=\"wpb-content-wrapper\"><div data-vc-full-width=\"true\" data-vc-full-width-temp=\"true\" data-vc-full-width-init=\"false\" data-vc-stretch-content=\"true\" class=\"vc_row wpb_row vc_row-fluid vc_custom_1623150618783 vc_row-no-padding\"><div class=\"wpb_column vc_column_container vc_col-sm-12 vc_hidden-sm vc_hidden-xs\"><div class=\"vc_column-inner\"><div class=\"wpb_wrapper\">\n\t\t\t<!-- START ecotrafico consejo general REVOLUTION SLIDER 6.7.38 --><p class=\"rs-p-wp-fix\"><\/p>\n\t\t\t<rs-module-wrap id=\"rev_slider_469_1_wrapper\" data-source=\"gallery\" style=\"visibility:hidden;background:transparent;padding:0;margin:0px auto;margin-top:0;margin-bottom:0;\">\n\t\t\t\t<rs-module id=\"rev_slider_469_1\" style=\"\" data-version=\"6.7.38\">\n\t\t\t\t\t<rs-slides style=\"overflow: hidden; position: absolute;\">\n\t\t\t\t\t\t<rs-slide style=\"position: absolute;\" data-key=\"rs-508\" data-title=\"Slide\" data-anim=\"adpr:false;\" data-in=\"o:0;y:-100%;\" data-out=\"a:false;\">\n\t\t\t\t\t\t\t<img src=\"\/\/economistas-sevilla.com\/wp-content\/plugins\/revslider\/sr6\/assets\/assets\/dummy.png\" alt=\"\" title=\"CONVENIO DGT\" width=\"2479\" height=\"687\" class=\"rev-slidebg tp-rs-img rs-lazyload\" data-lazyload=\"\/\/economistas-sevilla.com\/wp-content\/uploads\/2025\/09\/CONVENIO-DGT.png\" data-parallax=\"off\" data-no-retina>\n<!---->\t\t\t\t\t<\/rs-slide>\n\t\t\t\t\t<\/rs-slides>\n\t\t\t\t<\/rs-module>\n\t\t\t\t<script>\n\t\t\t\t\tsetREVStartSize({c: 'rev_slider_469_1',rl:[1240,1024,778,480],el:[520,500,400,400],gw:[1300,1240,778,480],gh:[520,500,800,800],type:'hero',justify:'',layout:'fullwidth',mh:\"0\"});if (window.RS_MODULES!==undefined && window.RS_MODULES.modules!==undefined && window.RS_MODULES.modules[\"revslider4691\"]!==undefined) {window.RS_MODULES.modules[\"revslider4691\"].once = false;window.revapi469 = undefined;if (window.RS_MODULES.checkMinimal!==undefined) window.RS_MODULES.checkMinimal()}\n\t\t\t\t<\/script>\n\t\t\t<\/rs-module-wrap>\n\t\t\t<!-- END REVOLUTION SLIDER -->\n<\/div><\/div><\/div><\/div><div class=\"vc_row-full-width vc_clearfix\"><\/div><div class=\"vc_row wpb_row vc_row-fluid dt-default\" style=\"margin-top: 0px;margin-bottom: 0px\"><div class=\"wpb_column vc_column_container vc_col-sm-12 vc_hidden-lg vc_hidden-md\"><div class=\"vc_column-inner vc_custom_1626171584091\"><div class=\"wpb_wrapper\">\n\t\t\t<!-- START R ecotrafico REVOLUTION SLIDER 6.7.38 --><p class=\"rs-p-wp-fix\"><\/p>\n\t\t\t<rs-module-wrap id=\"rev_slider_468_2_wrapper\" data-source=\"gallery\" style=\"visibility:hidden;background:transparent;padding:0;margin:0px auto;margin-top:0;margin-bottom:0;\">\n\t\t\t\t<rs-module id=\"rev_slider_468_2\" style=\"\" data-version=\"6.7.38\">\n\t\t\t\t\t<rs-slides style=\"overflow: hidden; position: absolute;\">\n\t\t\t\t\t\t<rs-slide style=\"position: absolute;\" data-key=\"rs-507\" data-title=\"Slide\" data-anim=\"adpr:false;\" data-in=\"o:0;\" data-out=\"a:false;\">\n\t\t\t\t\t\t\t<img src=\"\/\/economistas-sevilla.com\/wp-content\/plugins\/revslider\/sr6\/assets\/assets\/dummy.png\" alt=\"\" title=\"CONVENIO DGT responsive\" width=\"2479\" height=\"687\" class=\"rev-slidebg tp-rs-img rs-lazyload\" data-lazyload=\"\/\/economistas-sevilla.com\/wp-content\/uploads\/2025\/09\/CONVENIO-DGT-responsive.png\" data-parallax=\"off\" data-no-retina>\n<!---->\t\t\t\t\t<\/rs-slide>\n\t\t\t\t\t<\/rs-slides>\n\t\t\t\t<\/rs-module>\n\t\t\t\t<script>\n\t\t\t\t\tsetREVStartSize({c: 'rev_slider_468_2',rl:[1240,1240,1240,480],el:[625,625,625,800],gw:[1300,1300,1300,480],gh:[625,625,625,800],type:'standard',justify:'',layout:'fullwidth',mh:\"0\"});if (window.RS_MODULES!==undefined && window.RS_MODULES.modules!==undefined && window.RS_MODULES.modules[\"revslider4682\"]!==undefined) {window.RS_MODULES.modules[\"revslider4682\"].once = false;window.revapi468 = undefined;if (window.RS_MODULES.checkMinimal!==undefined) window.RS_MODULES.checkMinimal()}\n\t\t\t\t<\/script>\n\t\t\t<\/rs-module-wrap>\n\t\t\t<!-- END REVOLUTION SLIDER -->\n<\/div><\/div><\/div><\/div><div class=\"vc_row wpb_row vc_row-fluid dt-default\" style=\"margin-top: 0px;margin-bottom: 0px\"><div class=\"wpb_column vc_column_container vc_col-sm-12\"><div class=\"vc_column-inner\"><div class=\"wpb_wrapper\"><div class=\"ult-spacer spacer-69d68182ce4c5\" data-id=\"69d68182ce4c5\" data-height=\"200\" data-height-mobile=\"200\" data-height-tab=\"200\" data-height-tab-portrait=\"200\" data-height-mobile-landscape=\"200\" style=\"clear:both;display:block;\"><\/div><\/div><\/div><\/div><\/div><div class=\"vc_row wpb_row vc_row-fluid dt-default\" style=\"margin-top: 0px;margin-bottom: 0px\"><div class=\"wpb_column vc_column_container vc_col-sm-12\"><div class=\"vc_column-inner vc_custom_1626171911592\"><div class=\"wpb_wrapper\"><div id=\"ProximasActividadesFormativas\" class=\"vc_row wpb_row vc_inner vc_row-fluid\"><div class=\"wpb_column vc_column_container vc_col-sm-12\"><div class=\"vc_column-inner\"><div class=\"wpb_wrapper\"><div class=\"vc_empty_space\"   style=\"height: 50px\"><span class=\"vc_empty_space_inner\"><\/span><\/div><h2 style=\"font-size: 37px;text-align: center;font-family:Raleway;font-weight:500;font-style:normal\" class=\"vc_custom_heading vc_do_custom_heading\" >Los economistas colegiados se convierten en representantes habilitados por la DGT para la tramitaci\u00f3n vehicular<\/h2><div class=\"vc_empty_space\"   style=\"height: 25px\"><span class=\"vc_empty_space_inner\"><\/span><\/div><\/div><\/div><\/div><\/div>\n\t<div class=\"wpb_text_column wpb_content_element \" >\n\t\t<div class=\"wpb_wrapper\">\n\t\t\t<p style=\"text-align: center;\"><strong>Los economistas colegiados se convierten en representantes habilitados por la DGT para la tramitaci\u00f3n vehicular. A partir de ahora, estos podr\u00e1n realizar, en representaci\u00f3n de terceros y de manera telem\u00e1tica, transferencias de veh\u00edculos, notificaciones de venta y otros tr\u00e1mites ante la DGT. Gracias a este nuevo servicio, los usuarios podr\u00e1n ahorrar tiempo y evitar desplazamientos, ya que el economista se encargar\u00e1 de gestionar todo el proceso de forma integral, incluyendo el pago y la liquidaci\u00f3n de impuestos y de tasas.<\/strong><\/p>\n\n\t\t<\/div>\n\t<\/div>\n<div class=\"vc_empty_space\"   style=\"height: 25px\"><span class=\"vc_empty_space_inner\"><\/span><\/div>\n\t<div class=\"wpb_text_column wpb_content_element \" >\n\t\t<div class=\"wpb_wrapper\">\n\t\t\t<p><span style=\"font-weight: 400;\">A partir del 17 de septiembre de 2025, cualquier ciudadano puede tramitar la documentaci\u00f3n de su veh\u00edculo directamente con un economista colegiado, gracias al acuerdo firmado entre la Direcci\u00f3n General de Tr\u00e1fico (DGT) y el Consejo General de Economistas de Espa\u00f1a (CGE). Con este servicio, que ya est\u00e1 <\/span><b>operativo en todo el pa\u00eds<\/b><span style=\"font-weight: 400;\">, <\/span><b>los economistas se convierten en representantes habilitados por la DGT para la tramitaci\u00f3n vehicular y, por tanto, en nuevos puntos de atenci\u00f3n al ciudadano para facilitar gestiones de tr\u00e1fico<\/b><span style=\"font-weight: 400;\"> de manera r\u00e1pida, sencilla y segura.\u00a0<\/span><\/p>\n<p><span style=\"font-weight: 400;\">Desde ahora los economistas colegiados podr\u00e1n gestionar electr\u00f3nicamente, en nombre de sus clientes, tr\u00e1mites como <\/span><b>transferencias de titularidad, notificaciones de venta, matriculaciones y bajas de veh\u00edculos<\/b><span style=\"font-weight: 400;\">. Para el ciudadano, <\/span><b>el proceso es muy sencillo.<\/b><span style=\"font-weight: 400;\"> Solo tiene que acudir al despacho de un economista colegiado con la documentaci\u00f3n necesaria y <\/span><b>el profesional gestionar\u00e1 la solicitud de manera telem\u00e1tica con la DGT<\/b><span style=\"font-weight: 400;\">. En pocos minutos, el ciudadano podr\u00e1 salir del despacho con un permiso provisional que le permitir\u00e1 circular hasta recibir la documentaci\u00f3n definitiva.<\/span><\/p>\n<p><span style=\"font-weight: 400;\">Realizar los tr\u00e1mites de tr\u00e1fico a trav\u00e9s de un economista colegiado aporta seguridad, comodidad y valor a\u00f1adido al ciudadano, por varios motivos: 1) <\/span><b>El economista gestiona todo el proceso de forma integral<\/b><span style=\"font-weight: 400;\">, <\/span><b>incluyendo el pago y liquidaci\u00f3n de impuestos vinculados<\/b> <b>(como el Impuesto de Transmisiones Patrimoniales), tasas, etc.<\/b><span style=\"font-weight: 400;\"> 2) Aporta su conocimiento profesional y jur\u00eddico, <\/span><b>garantizando que la documentaci\u00f3n est\u00e9 correcta y evitando errores que puedan retrasar o invalidar la gesti\u00f3n<\/b><span style=\"font-weight: 400;\">. 3) Permite al ciudadano ahorrar tiempo y desplazamientos, ya que <\/span><b>todos los pasos se resuelven desde el despacho del economista<\/b><span style=\"font-weight: 400;\">. 4) Ofrece <\/span><b>atenci\u00f3n personalizada<\/b><span style=\"font-weight: 400;\"> y asesoramiento, convirti\u00e9ndose en un aliado para resolver dudas y asegurar que el tr\u00e1mite se realice con total seguridad.<\/span><\/p>\n<p><span style=\"font-weight: 400;\">Gracias al acuerdo suscrito, la DGT, que gestiona millones de tr\u00e1mites al a\u00f1o, se apoya ahora en el colectivo de los economistas para acercar sus servicios al ciudadano y reducir tiempos de espera. <\/span><span style=\"font-weight: 400;\">Seg\u00fan el presidente del Consejo General de Economistas de Espa\u00f1a (CGE), <\/span><b>Miguel \u00c1ngel V\u00e1zquez Ta\u00edn<\/b><span style=\"font-weight: 400;\">, \u201cgracias a este acuerdo de colaboraci\u00f3n, los ciudadanos podr\u00e1n resolver, desde el despacho de un economista, gestiones que antes requer\u00edan mucho tiempo y tediosos desplazamientos\u201d. \u201cLa suma de una plataforma tecnol\u00f3gica estandarizada \u2013en este caso consensuada entre la DGT y el CGE\u2013 y los conocimientos profesionales de los economistas servir\u00e1 de ayuda para que los ciudadanos puedan agilizar de manera segura y eficiente sus tramitaciones burocr\u00e1ticas en materia de tr\u00e1fico\u201d, ha afirmado por \u00faltimo el presidente de los economistas.<\/span><\/p>\n\n\t\t<\/div>\n\t<\/div>\n<\/div><\/div><\/div><\/div><div data-vc-full-width=\"true\" data-vc-full-width-temp=\"true\" data-vc-full-width-init=\"false\" class=\"vc_row wpb_row vc_row-fluid vc_custom_1761729266132 vc_row-has-fill\"><div class=\"wpb_column vc_column_container vc_col-sm-12\"><div class=\"vc_column-inner\"><div class=\"wpb_wrapper\"><div id=\"FormacionRealizada\" class=\"vc_row wpb_row vc_inner vc_row-fluid\"><div class=\"wpb_column vc_column_container vc_col-sm-4\"><div class=\"vc_column-inner\"><div class=\"wpb_wrapper\"><div class=\"ult-spacer spacer-69d68182cf70b\" data-id=\"69d68182cf70b\" data-height=\"10\" data-height-mobile=\"10\" data-height-tab=\"10\" data-height-tab-portrait=\"10\" data-height-mobile-landscape=\"10\" style=\"clear:both;display:block;\"><\/div><style type=\"text\/css\" data-type=\"the7_shortcodes-inline-css\">#default-btn-7c28810de86a936eb1e7cc08471def88.ico-right-side > i {\n  margin-right: 0px;\n  margin-left: 8px;\n}\n#default-btn-7c28810de86a936eb1e7cc08471def88 > i {\n  margin-right: 8px;\n}\n<\/style><div class=\"btn-align-center\"><a href=\"https:\/\/trafico.economistas.es\" class=\"default-btn-shortcode dt-btn dt-btn-l link-hover-off \" id=\"default-btn-7c28810de86a936eb1e7cc08471def88\"><span>Accede a la web de Ecotr\u00e1fico<\/span><\/a><\/div><\/div><\/div><\/div><div class=\"wpb_column vc_column_container vc_col-sm-4\"><div class=\"vc_column-inner\"><div class=\"wpb_wrapper\"><div class=\"ult-spacer spacer-69d68182cf85d\" data-id=\"69d68182cf85d\" data-height=\"10\" data-height-mobile=\"10\" data-height-tab=\"10\" data-height-tab-portrait=\"10\" data-height-mobile-landscape=\"10\" style=\"clear:both;display:block;\"><\/div><style type=\"text\/css\" data-type=\"the7_shortcodes-inline-css\">#default-btn-d0f897c0f5f9989ce5f8a4cfec07c38c.ico-right-side > i {\n  margin-right: 0px;\n  margin-left: 8px;\n}\n#default-btn-d0f897c0f5f9989ce5f8a4cfec07c38c > i {\n  margin-right: 8px;\n}\n<\/style><div class=\"btn-align-center\"><a href=\"mailto:trafico@consejo.economistas.org\" class=\"default-btn-shortcode dt-btn dt-btn-l link-hover-off \" id=\"default-btn-d0f897c0f5f9989ce5f8a4cfec07c38c\"><span>\u00a1Cont\u00e1ctanos!<\/span><\/a><\/div><\/div><\/div><\/div><div class=\"wpb_column vc_column_container vc_col-sm-4\"><div class=\"vc_column-inner\"><div class=\"wpb_wrapper\"><div class=\"ult-spacer spacer-69d68182cf965\" data-id=\"69d68182cf965\" data-height=\"10\" data-height-mobile=\"10\" data-height-tab=\"10\" data-height-tab-portrait=\"10\" data-height-mobile-landscape=\"10\" style=\"clear:both;display:block;\"><\/div><style type=\"text\/css\" data-type=\"the7_shortcodes-inline-css\">#default-btn-3445b67a294f917c879e369b234020f0.ico-right-side > i {\n  margin-right: 0px;\n  margin-left: 8px;\n}\n#default-btn-3445b67a294f917c879e369b234020f0 > i {\n  margin-right: 8px;\n}\n<\/style><div class=\"btn-align-center\"><a href=\"https:\/\/trafico.economistas.es\/guia-del-tramitador\/\" class=\"default-btn-shortcode dt-btn dt-btn-l link-hover-off \" id=\"default-btn-3445b67a294f917c879e369b234020f0\"><span>Material formativo (Gu\u00eda del tramitador)<\/span><\/a><\/div><\/div><\/div><\/div><\/div><div class=\"ult-spacer spacer-69d68182cf9d1\" data-id=\"69d68182cf9d1\" data-height=\"10\" data-height-mobile=\"10\" data-height-tab=\"10\" data-height-tab-portrait=\"10\" data-height-mobile-landscape=\"10\" style=\"clear:both;display:block;\"><\/div><div class=\"vc_empty_space\"   style=\"height: 25px\"><span class=\"vc_empty_space_inner\"><\/span><\/div><\/div><\/div><\/div><\/div><div class=\"vc_row-full-width vc_clearfix\"><\/div><!-- Row Backgrounds --><div class=\"upb_color\" data-bg-override=\"0\" data-bg-color=\"#ececec\" data-fadeout=\"\" data-fadeout-percentage=\"30\" data-parallax-content=\"\" data-parallax-content-sense=\"30\" data-row-effect-mobile-disable=\"true\" data-img-parallax-mobile-disable=\"true\" data-rtl=\"false\"  data-custom-vc-row=\"\"  data-vc=\"8.7.2\"  data-is_old_vc=\"\"  data-theme-support=\"\"   data-overlay=\"false\" data-overlay-color=\"\" data-overlay-pattern=\"\" data-overlay-pattern-opacity=\"\" data-overlay-pattern-size=\"\"    ><\/div>\n<\/div>","protected":false},"excerpt":{"rendered":"<p>Los economistas colegiados se convierten en representantes habilitados por la DGT para la tramitaci\u00f3n vehicular Los economistas colegiados se convierten en representantes habilitados por la DGT para la tramitaci\u00f3n vehicular. A partir de ahora, estos podr\u00e1n realizar, en representaci\u00f3n de terceros y de manera telem\u00e1tica, transferencias de veh\u00edculos, notificaciones de venta y otros tr\u00e1mites ante&hellip;<\/p>","protected":false},"author":5251,"featured_media":32244,"parent":0,"menu_order":0,"comment_status":"closed","ping_status":"closed","template":"","meta":{"inline_featured_image":false,"footnotes":""},"categories":[1],"tags":[],"calendar":[28],"organizer":[],"venue":[],"acf":[],"aioseo_notices":[],"_links":{"self":[{"href":"https:\/\/economistas-sevilla.com\/en\/wp-json\/wp\/v2\/pages\/32211"}],"collection":[{"href":"https:\/\/economistas-sevilla.com\/en\/wp-json\/wp\/v2\/pages"}],"about":[{"href":"https:\/\/economistas-sevilla.com\/en\/wp-json\/wp\/v2\/types\/page"}],"author":[{"embeddable":true,"href":"https:\/\/economistas-sevilla.com\/en\/wp-json\/wp\/v2\/users\/5251"}],"replies":[{"embeddable":true,"href":"https:\/\/economistas-sevilla.com\/en\/wp-json\/wp\/v2\/comments?post=32211"}],"version-history":[{"count":14,"href":"https:\/\/economistas-sevilla.com\/en\/wp-json\/wp\/v2\/pages\/32211\/revisions"}],"predecessor-version":[{"id":32587,"href":"https:\/\/economistas-sevilla.com\/en\/wp-json\/wp\/v2\/pages\/32211\/revisions\/32587"}],"wp:featuredmedia":[{"embeddable":true,"href":"https:\/\/economistas-sevilla.com\/en\/wp-json\/wp\/v2\/media\/32244"}],"wp:attachment":[{"href":"https:\/\/economistas-sevilla.com\/en\/wp-json\/wp\/v2\/media?parent=32211"}],"wp:term":[{"taxonomy":"category","embeddable":true,"href":"https:\/\/economistas-sevilla.com\/en\/wp-json\/wp\/v2\/categories?post=32211"},{"taxonomy":"post_tag","embeddable":true,"href":"https:\/\/economistas-sevilla.com\/en\/wp-json\/wp\/v2\/tags?post=32211"},{"taxonomy":"calendar","embeddable":true,"href":"https:\/\/economistas-sevilla.com\/en\/wp-json\/wp\/v2\/calendar?post=32211"},{"taxonomy":"organizer","embeddable":true,"href":"https:\/\/economistas-sevilla.com\/en\/wp-json\/wp\/v2\/organizer?post=32211"},{"taxonomy":"venue","embeddable":true,"href":"https:\/\/economistas-sevilla.com\/en\/wp-json\/wp\/v2\/venue?post=32211"}],"curies":[{"name":"wp","href":"https:\/\/api.w.org\/{rel}","templated":true}]}}